{"id":1069,"date":"2018-01-15T02:27:32","date_gmt":"2018-01-15T01:27:32","guid":{"rendered":"http:\/\/air.pk.edu.pl\/?page_id=1069"},"modified":"2020-07-01T10:40:37","modified_gmt":"2020-07-01T08:40:37","slug":"kolo-naukowe","status":"publish","type":"page","link":"https:\/\/air.pk.edu.pl\/index.php\/kolo-naukowe\/","title":{"rendered":"Ko\u0142o naukowe"},"content":{"rendered":"\n<h2 class=\"wp-block-heading\">Ko\u0142o Naukowe Automatyki i Robotyki &#8211; KAiR<\/h2>\n\n\n\n<h4 class=\"wp-block-heading\"><strong>Ko\u0142o naukowe Automatyki i Robotyki &#8211; KAiR<\/strong><\/h4>\n\n\n\n<p><strong><a href=\"https:\/\/m6.pk.edu.pl\/index.php\/struktura-m-06\/pracownicy-instytutu\/wojcik-krzysztof\/\">opiekun ko\u0142a: dr in\u017c. Krzysztof W\u00f3jcik <\/a><\/strong><br>Obszarem dzia\u0142alno\u015bci Ko\u0142a Naukowego Automatyki i Robotyki, KAiR jest prowadzenie prac badawczych, naukowych i projektowych zwi\u0105zanych z og\u00f3lnie rozumianymi dziedzinami automatyki, robotyki, elektroniki i informatyki. <br>W szczeg\u00f3lno\u015bci realizowane s\u0105 projekty robot\u00f3w mobilnych, system\u00f3w kontrolnych, pomiarowych oraz rozwi\u0105za\u0144 zwi\u0105zanych z automatyzacj\u0105 produkcji. Dzia\u0142alno\u015b\u0107 ko\u0142a dotyczy r\u00f3wnie\u017c organizacji warsztat\u00f3w, szkole\u0144 oraz dzia\u0142a\u0144 popularyzuj\u0105cych nauk\u0119.<\/p>\n\n\n\n<hr class=\"wp-block-separator\"\/>\n\n\n\n<h4 class=\"wp-block-heading\"><strong>Sekcja Robot\u00f3w Mobilnych<\/strong><\/h4>\n\n\n\n<p><strong><a href=\"https:\/\/m6.pk.edu.pl\/index.php\/struktura-m-06\/pracownicy-instytutu\/malopolski-waldemar\/\">opiekun: dr in\u017c. Waldemar Ma\u0142opolsk<\/a>i <\/strong><br>W ramach sekcji prowadzone s\u0105 prace naukowo-badawcze w zakresie: budowy mechanizm\u00f3w ruchu robot\u00f3w mobilnych, lokalnych autonomicznych uk\u0142ad\u00f3w sterowania, system\u00f3w zarz\u0105dzania ruchem grupy robot\u00f3w i zrobotyzowanych automatycznych system\u00f3w magazynowych.<\/p>\n\n\n\n<hr class=\"wp-block-separator\"\/>\n\n\n\n<h4 class=\"wp-block-heading\"><strong>Sekcja robot\u00f3w przemys\u0142owych i u\u017cytkowych. <\/strong><\/h4>\n\n\n\n<p><strong><a href=\"https:\/\/m6.pk.edu.pl\/index.php\/struktura-m-06\/pracownicy-instytutu\/krenich-stanislaw\/\">opiekun: dr in\u017c. Stanis\u0142aw Krenich <\/a><br><\/strong>Sekcja zajmuje si\u0119 wykorzystaniem robot\u00f3w przemys\u0142owych w procesach produkcyjnych, projektowaniem i implementacj\u0105 inspirowanych natur\u0105 robot\u00f3w u\u017cytkowych wraz z oprzyrz\u0105dowaniem.&nbsp;&nbsp;<\/p>\n\n\n\n<p><\/p>\n","protected":false},"excerpt":{"rendered":"<p>Ko\u0142o Naukowe Automatyki i Robotyki &#8211; KAiR Ko\u0142o naukowe Automatyki i Robotyki &#8211; KAiR opiekun ko\u0142a: dr in\u017c. Krzysztof W\u00f3jcik Obszarem dzia\u0142alno\u015bci Ko\u0142a Naukowego Automatyki i Robotyki, KAiR jest prowadzenie prac badawczych, naukowych i projektowych zwi\u0105zanych z og\u00f3lnie rozumianymi dziedzinami automatyki, robotyki, elektroniki i informatyki. W szczeg\u00f3lno\u015bci realizowane s\u0105 projekty robot\u00f3w mobilnych, system\u00f3w kontrolnych, pomiarowych [&hellip;]<\/p>\n","protected":false},"author":4,"featured_media":0,"parent":0,"menu_order":0,"comment_status":"closed","ping_status":"closed","template":"","meta":{"footnotes":""},"class_list":["post-1069","page","type-page","status-publish","hentry"],"_links":{"self":[{"href":"https:\/\/air.pk.edu.pl\/index.php\/wp-json\/wp\/v2\/pages\/1069","targetHints":{"allow":["GET"]}}],"collection":[{"href":"https:\/\/air.pk.edu.pl\/index.php\/wp-json\/wp\/v2\/pages"}],"about":[{"href":"https:\/\/air.pk.edu.pl\/index.php\/wp-json\/wp\/v2\/types\/page"}],"author":[{"embeddable":true,"href":"https:\/\/air.pk.edu.pl\/index.php\/wp-json\/wp\/v2\/users\/4"}],"replies":[{"embeddable":true,"href":"https:\/\/air.pk.edu.pl\/index.php\/wp-json\/wp\/v2\/comments?post=1069"}],"version-history":[{"count":0,"href":"https:\/\/air.pk.edu.pl\/index.php\/wp-json\/wp\/v2\/pages\/1069\/revisions"}],"wp:attachment":[{"href":"https:\/\/air.pk.edu.pl\/index.php\/wp-json\/wp\/v2\/media?parent=1069"}],"curies":[{"name":"wp","href":"https:\/\/api.w.org\/{rel}","templated":true}]}}