{"id":1104,"date":"2018-02-03T19:55:41","date_gmt":"2018-02-03T18:55:41","guid":{"rendered":"http:\/\/air.pk.edu.pl\/?page_id=1104"},"modified":"2025-05-19T13:15:38","modified_gmt":"2025-05-19T11:15:38","slug":"wyjazdy-zagraniczne","status":"publish","type":"page","link":"https:\/\/air.pk.edu.pl\/index.php\/wyjazdy-zagraniczne\/","title":{"rendered":"Wyjazdy zagraniczne"},"content":{"rendered":"\n<h2 class=\"wp-block-heading\">Wyjazdy zagraniczne<\/h2>\n\n\n\n<p>Od roku 1998 Politechnika Krakowska bierze udzia\u0142 w realizacji programu Unii Europejskiej w dziedzinie edukacji, znanego jako Program SOCRATES. G\u0142\u00f3wnym zadaniem Programu SOCRATES jest rozszerzanie wsp\u00f3\u0142pracy europejskiej w zakresie edukacji, kt\u00f3ra ma przyczynia\u0107 si\u0119 do powstawania Europy bez granic i barier. Komponentem, w ramach kt\u00f3rego uczelnie europejskie maj\u0105 szans\u0119 realizowa\u0107 te zadania jest ERASMUS, a dwa prowadzone w jego ramach dzia\u0142ania ciesz\u0105ce si\u0119 najwi\u0119ksz\u0105 popularno\u015bci\u0105 w\u015br\u00f3d europejskiej spo\u0142eczno\u015bci akademickiej to wymiana kadry naukowej oraz organizowanie wyjazd\u00f3w student\u00f3w. Dzi\u0119ki temu studenci Politechniki Krakowskiej maj\u0105 mo\u017cliwo\u015b\u0107 wzi\u0119cia udzia\u0142u w wyjazdach stypendialnych do r\u00f3\u017cnych uczelni Europy.<\/p>\n\n\n\n<p>Istniej\u0105 r\u00f3wnie\u017c mo\u017cliwo\u015bci wyjazd\u00f3w zwi\u0105zanych z wymian\u0105 mi\u0119dzynarodow\u0105 realizowan\u0105 poza programami europejskimi. Do tej pory realizowana wymiana student\u00f3w dotyczy\u0142a nast\u0119puj\u0105cych uczelni:<\/p>\n\n\n\n<ul class=\"wp-block-list\">\n<li>Mechanical Engineering Department, Kettering University, USA<\/li>\n\n\n\n<li>Department of Mechanical and Marin Engineering. Faculty of Engineering, Bergen University College, Norwegia<\/li>\n\n\n\n<li>Uniwersytet Architektury i Budownictwa, Sankt Petersburg, Rosja<\/li>\n\n\n\n<li>Pa\u0144stwowy Uniwersytet Technologiczny, Chmielnicki, Ukraina<\/li>\n\n\n\n<li>Slovak University of Technology, Bratislava, S\u0142owacja<\/li>\n\n\n\n<li>Technical University of Ko\u0161ice, Ko\u0161ice, S\u0142owacja<\/li>\n\n\n\n<li>University of \u017dilina, \u017dilina, S\u0142owacja<\/li>\n\n\n\n<li>Budapest University of Technology and Economics, Budapest, W\u0119gry<\/li>\n<\/ul>\n","protected":false},"excerpt":{"rendered":"<p>Wyjazdy zagraniczne Od roku 1998 Politechnika Krakowska bierze udzia\u0142 w realizacji programu Unii Europejskiej w dziedzinie edukacji, znanego jako Program SOCRATES. G\u0142\u00f3wnym zadaniem Programu SOCRATES jest rozszerzanie wsp\u00f3\u0142pracy europejskiej w zakresie edukacji, kt\u00f3ra ma przyczynia\u0107 si\u0119 do powstawania Europy bez granic i barier. Komponentem, w ramach kt\u00f3rego uczelnie europejskie maj\u0105 szans\u0119 realizowa\u0107 te zadania jest [&hellip;]<\/p>\n","protected":false},"author":4,"featured_media":0,"parent":0,"menu_order":0,"comment_status":"closed","ping_status":"closed","template":"","meta":{"footnotes":""},"class_list":["post-1104","page","type-page","status-publish","hentry"],"_links":{"self":[{"href":"https:\/\/air.pk.edu.pl\/index.php\/wp-json\/wp\/v2\/pages\/1104","targetHints":{"allow":["GET"]}}],"collection":[{"href":"https:\/\/air.pk.edu.pl\/index.php\/wp-json\/wp\/v2\/pages"}],"about":[{"href":"https:\/\/air.pk.edu.pl\/index.php\/wp-json\/wp\/v2\/types\/page"}],"author":[{"embeddable":true,"href":"https:\/\/air.pk.edu.pl\/index.php\/wp-json\/wp\/v2\/users\/4"}],"replies":[{"embeddable":true,"href":"https:\/\/air.pk.edu.pl\/index.php\/wp-json\/wp\/v2\/comments?post=1104"}],"version-history":[{"count":0,"href":"https:\/\/air.pk.edu.pl\/index.php\/wp-json\/wp\/v2\/pages\/1104\/revisions"}],"wp:attachment":[{"href":"https:\/\/air.pk.edu.pl\/index.php\/wp-json\/wp\/v2\/media?parent=1104"}],"curies":[{"name":"wp","href":"https:\/\/api.w.org\/{rel}","templated":true}]}}