{"id":1456,"date":"2019-03-20T14:08:59","date_gmt":"2019-03-20T13:08:59","guid":{"rendered":"http:\/\/air.pk.edu.pl\/?page_id=1456"},"modified":"2020-07-02T11:37:57","modified_gmt":"2020-07-02T09:37:57","slug":"festiwal-nauki","status":"publish","type":"page","link":"https:\/\/air.pk.edu.pl\/index.php\/festiwal-nauki\/","title":{"rendered":"Festiwal Nauki"},"content":{"rendered":"\n<h3 class=\"wp-block-heading\">FESTIWAL NAUKI \u2013 RYNEK G\u0141\u00d3WNY<\/h3>\n\n\n\n<p><strong>In<\/strong><b>stytut Technologii Maszyn i Automatyzacji Produkcji<\/b> bierze czynny udzia\u0142 w Festiwalu Nauki.&nbsp;<\/p>\n\n\n\n<p>Wszyscy ch\u0119tni mog\u0105 spotka\u0107 si\u0119 m.in. z robotami wykonanymi przez Student\u00f3w AiR.&nbsp;<\/p>\n\n\n\n<figure class=\"wp-block-gallery columns-3 is-cropped wp-block-gallery-1 is-layout-flex wp-block-gallery-is-layout-flex\"><ul class=\"blocks-gallery-grid\"><li class=\"blocks-gallery-item\"><figure><img fetchpriority=\"high\" decoding=\"async\" width=\"900\" height=\"601\" src=\"https:\/\/air.pk.edu.pl\/wp-content\/uploads\/2019\/03\/DSC_1359.jpg\" alt=\"\" data-id=\"1450\" data-full-url=\"https:\/\/air.pk.edu.pl\/wp-content\/uploads\/2019\/03\/DSC_1359.jpg\" data-link=\"https:\/\/air.pk.edu.pl\/dsc_1359\/\" class=\"wp-image-1450\" srcset=\"https:\/\/air.pk.edu.pl\/wp-content\/uploads\/2019\/03\/DSC_1359.jpg 900w, https:\/\/air.pk.edu.pl\/wp-content\/uploads\/2019\/03\/DSC_1359-300x200.jpg 300w, https:\/\/air.pk.edu.pl\/wp-content\/uploads\/2019\/03\/DSC_1359-768x513.jpg 768w\" sizes=\"(max-width: 900px) 100vw, 900px\" \/><\/figure><\/li><li class=\"blocks-gallery-item\"><figure><img decoding=\"async\" width=\"900\" height=\"599\" src=\"https:\/\/air.pk.edu.pl\/wp-content\/uploads\/2019\/03\/DSC_7678.jpg\" alt=\"\" data-id=\"1455\" data-full-url=\"https:\/\/air.pk.edu.pl\/wp-content\/uploads\/2019\/03\/DSC_7678.jpg\" data-link=\"https:\/\/air.pk.edu.pl\/dsc_7678\/\" class=\"wp-image-1455\" srcset=\"https:\/\/air.pk.edu.pl\/wp-content\/uploads\/2019\/03\/DSC_7678.jpg 900w, https:\/\/air.pk.edu.pl\/wp-content\/uploads\/2019\/03\/DSC_7678-300x200.jpg 300w, https:\/\/air.pk.edu.pl\/wp-content\/uploads\/2019\/03\/DSC_7678-768x511.jpg 768w\" sizes=\"(max-width: 900px) 100vw, 900px\" \/><\/figure><\/li><li class=\"blocks-gallery-item\"><figure><img decoding=\"async\" width=\"900\" height=\"599\" src=\"https:\/\/air.pk.edu.pl\/wp-content\/uploads\/2019\/03\/DSC_7278.jpg\" alt=\"\" data-id=\"1454\" data-full-url=\"https:\/\/air.pk.edu.pl\/wp-content\/uploads\/2019\/03\/DSC_7278.jpg\" data-link=\"https:\/\/air.pk.edu.pl\/dsc_7278\/\" class=\"wp-image-1454\" srcset=\"https:\/\/air.pk.edu.pl\/wp-content\/uploads\/2019\/03\/DSC_7278.jpg 900w, https:\/\/air.pk.edu.pl\/wp-content\/uploads\/2019\/03\/DSC_7278-300x200.jpg 300w, https:\/\/air.pk.edu.pl\/wp-content\/uploads\/2019\/03\/DSC_7278-768x511.jpg 768w\" sizes=\"(max-width: 900px) 100vw, 900px\" \/><\/figure><\/li><li class=\"blocks-gallery-item\"><figure><img loading=\"lazy\" decoding=\"async\" width=\"900\" height=\"599\" src=\"https:\/\/air.pk.edu.pl\/wp-content\/uploads\/2019\/03\/DSC_7264.jpg\" alt=\"\" data-id=\"1453\" data-full-url=\"https:\/\/air.pk.edu.pl\/wp-content\/uploads\/2019\/03\/DSC_7264.jpg\" data-link=\"https:\/\/air.pk.edu.pl\/dsc_7264\/\" class=\"wp-image-1453\" srcset=\"https:\/\/air.pk.edu.pl\/wp-content\/uploads\/2019\/03\/DSC_7264.jpg 900w, https:\/\/air.pk.edu.pl\/wp-content\/uploads\/2019\/03\/DSC_7264-300x200.jpg 300w, https:\/\/air.pk.edu.pl\/wp-content\/uploads\/2019\/03\/DSC_7264-768x511.jpg 768w\" sizes=\"(max-width: 900px) 100vw, 900px\" \/><\/figure><\/li><li class=\"blocks-gallery-item\"><figure><img loading=\"lazy\" decoding=\"async\" width=\"900\" height=\"601\" src=\"https:\/\/air.pk.edu.pl\/wp-content\/uploads\/2019\/03\/DSC_1400.jpg\" alt=\"\" data-id=\"1452\" data-full-url=\"https:\/\/air.pk.edu.pl\/wp-content\/uploads\/2019\/03\/DSC_1400.jpg\" data-link=\"https:\/\/air.pk.edu.pl\/dsc_1400\/\" class=\"wp-image-1452\" srcset=\"https:\/\/air.pk.edu.pl\/wp-content\/uploads\/2019\/03\/DSC_1400.jpg 900w, https:\/\/air.pk.edu.pl\/wp-content\/uploads\/2019\/03\/DSC_1400-300x200.jpg 300w, https:\/\/air.pk.edu.pl\/wp-content\/uploads\/2019\/03\/DSC_1400-768x513.jpg 768w\" sizes=\"(max-width: 900px) 100vw, 900px\" \/><\/figure><\/li><li class=\"blocks-gallery-item\"><figure><img loading=\"lazy\" decoding=\"async\" width=\"900\" height=\"601\" src=\"https:\/\/air.pk.edu.pl\/wp-content\/uploads\/2019\/03\/DSC_1268.jpg\" alt=\"\" data-id=\"1447\" data-full-url=\"https:\/\/air.pk.edu.pl\/wp-content\/uploads\/2019\/03\/DSC_1268.jpg\" data-link=\"https:\/\/air.pk.edu.pl\/dsc_1268\/\" class=\"wp-image-1447\" srcset=\"https:\/\/air.pk.edu.pl\/wp-content\/uploads\/2019\/03\/DSC_1268.jpg 900w, https:\/\/air.pk.edu.pl\/wp-content\/uploads\/2019\/03\/DSC_1268-300x200.jpg 300w, https:\/\/air.pk.edu.pl\/wp-content\/uploads\/2019\/03\/DSC_1268-768x513.jpg 768w\" sizes=\"(max-width: 900px) 100vw, 900px\" \/><\/figure><\/li><li class=\"blocks-gallery-item\"><figure><img loading=\"lazy\" decoding=\"async\" width=\"900\" height=\"601\" src=\"https:\/\/air.pk.edu.pl\/wp-content\/uploads\/2019\/03\/DSC_1270.jpg\" alt=\"\" data-id=\"1448\" data-full-url=\"https:\/\/air.pk.edu.pl\/wp-content\/uploads\/2019\/03\/DSC_1270.jpg\" data-link=\"https:\/\/air.pk.edu.pl\/dsc_1270\/\" class=\"wp-image-1448\" srcset=\"https:\/\/air.pk.edu.pl\/wp-content\/uploads\/2019\/03\/DSC_1270.jpg 900w, https:\/\/air.pk.edu.pl\/wp-content\/uploads\/2019\/03\/DSC_1270-300x200.jpg 300w, https:\/\/air.pk.edu.pl\/wp-content\/uploads\/2019\/03\/DSC_1270-768x513.jpg 768w\" sizes=\"(max-width: 900px) 100vw, 900px\" \/><\/figure><\/li><li class=\"blocks-gallery-item\"><figure><img loading=\"lazy\" decoding=\"async\" width=\"900\" height=\"601\" src=\"https:\/\/air.pk.edu.pl\/wp-content\/uploads\/2019\/03\/DSC_1272.jpg\" alt=\"\" data-id=\"1449\" data-full-url=\"https:\/\/air.pk.edu.pl\/wp-content\/uploads\/2019\/03\/DSC_1272.jpg\" data-link=\"https:\/\/air.pk.edu.pl\/dsc_1272\/\" class=\"wp-image-1449\" srcset=\"https:\/\/air.pk.edu.pl\/wp-content\/uploads\/2019\/03\/DSC_1272.jpg 900w, https:\/\/air.pk.edu.pl\/wp-content\/uploads\/2019\/03\/DSC_1272-300x200.jpg 300w, https:\/\/air.pk.edu.pl\/wp-content\/uploads\/2019\/03\/DSC_1272-768x513.jpg 768w\" sizes=\"(max-width: 900px) 100vw, 900px\" \/><\/figure><\/li><li class=\"blocks-gallery-item\"><figure><img loading=\"lazy\" decoding=\"async\" width=\"900\" height=\"601\" src=\"https:\/\/air.pk.edu.pl\/wp-content\/uploads\/2019\/03\/DSC_1397.jpg\" alt=\"\" data-id=\"1451\" data-full-url=\"https:\/\/air.pk.edu.pl\/wp-content\/uploads\/2019\/03\/DSC_1397.jpg\" data-link=\"https:\/\/air.pk.edu.pl\/dsc_1397\/\" class=\"wp-image-1451\" srcset=\"https:\/\/air.pk.edu.pl\/wp-content\/uploads\/2019\/03\/DSC_1397.jpg 900w, https:\/\/air.pk.edu.pl\/wp-content\/uploads\/2019\/03\/DSC_1397-300x200.jpg 300w, https:\/\/air.pk.edu.pl\/wp-content\/uploads\/2019\/03\/DSC_1397-768x513.jpg 768w\" sizes=\"(max-width: 900px) 100vw, 900px\" \/><\/figure><\/li><li class=\"blocks-gallery-item\"><figure><img loading=\"lazy\" decoding=\"async\" width=\"900\" height=\"599\" src=\"https:\/\/air.pk.edu.pl\/wp-content\/uploads\/2019\/03\/0086.jpg\" alt=\"\" data-id=\"1446\" data-full-url=\"https:\/\/air.pk.edu.pl\/wp-content\/uploads\/2019\/03\/0086.jpg\" data-link=\"https:\/\/air.pk.edu.pl\/0086\/\" class=\"wp-image-1446\" srcset=\"https:\/\/air.pk.edu.pl\/wp-content\/uploads\/2019\/03\/0086.jpg 900w, https:\/\/air.pk.edu.pl\/wp-content\/uploads\/2019\/03\/0086-300x200.jpg 300w, https:\/\/air.pk.edu.pl\/wp-content\/uploads\/2019\/03\/0086-768x511.jpg 768w\" sizes=\"(max-width: 900px) 100vw, 900px\" \/><\/figure><\/li><li class=\"blocks-gallery-item\"><figure><img loading=\"lazy\" decoding=\"async\" width=\"900\" height=\"599\" src=\"https:\/\/air.pk.edu.pl\/wp-content\/uploads\/2019\/03\/0015.jpg\" alt=\"\" data-id=\"1445\" data-full-url=\"https:\/\/air.pk.edu.pl\/wp-content\/uploads\/2019\/03\/0015.jpg\" data-link=\"https:\/\/air.pk.edu.pl\/0015\/\" class=\"wp-image-1445\" srcset=\"https:\/\/air.pk.edu.pl\/wp-content\/uploads\/2019\/03\/0015.jpg 900w, https:\/\/air.pk.edu.pl\/wp-content\/uploads\/2019\/03\/0015-300x200.jpg 300w, https:\/\/air.pk.edu.pl\/wp-content\/uploads\/2019\/03\/0015-768x511.jpg 768w\" sizes=\"(max-width: 900px) 100vw, 900px\" \/><\/figure><\/li><li class=\"blocks-gallery-item\"><figure><img loading=\"lazy\" decoding=\"async\" width=\"900\" height=\"599\" src=\"https:\/\/air.pk.edu.pl\/wp-content\/uploads\/2019\/03\/0012.jpg\" alt=\"\" data-id=\"1444\" data-full-url=\"https:\/\/air.pk.edu.pl\/wp-content\/uploads\/2019\/03\/0012.jpg\" data-link=\"https:\/\/air.pk.edu.pl\/0012\/\" class=\"wp-image-1444\" srcset=\"https:\/\/air.pk.edu.pl\/wp-content\/uploads\/2019\/03\/0012.jpg 900w, https:\/\/air.pk.edu.pl\/wp-content\/uploads\/2019\/03\/0012-300x200.jpg 300w, https:\/\/air.pk.edu.pl\/wp-content\/uploads\/2019\/03\/0012-768x511.jpg 768w\" sizes=\"(max-width: 900px) 100vw, 900px\" \/><\/figure><\/li><li class=\"blocks-gallery-item\"><figure><img loading=\"lazy\" decoding=\"async\" width=\"900\" height=\"599\" src=\"https:\/\/air.pk.edu.pl\/wp-content\/uploads\/2019\/03\/0008.jpg\" alt=\"\" data-id=\"1443\" data-full-url=\"https:\/\/air.pk.edu.pl\/wp-content\/uploads\/2019\/03\/0008.jpg\" data-link=\"https:\/\/air.pk.edu.pl\/0008\/\" class=\"wp-image-1443\" srcset=\"https:\/\/air.pk.edu.pl\/wp-content\/uploads\/2019\/03\/0008.jpg 900w, https:\/\/air.pk.edu.pl\/wp-content\/uploads\/2019\/03\/0008-300x200.jpg 300w, https:\/\/air.pk.edu.pl\/wp-content\/uploads\/2019\/03\/0008-768x511.jpg 768w\" sizes=\"(max-width: 900px) 100vw, 900px\" \/><\/figure><\/li><\/ul><\/figure>\n\n\n\n<p>Przyk\u0142adowe prace zaprezentowane w ostatnich latach, to:<\/p>\n\n\n\n<h4 class=\"wp-block-heading\">1) <b>Robot o strukturze szeregowej &#8211; 3R<\/b><\/h4>\n\n\n\n<p>Stanowisko prezentuje manipulator szeregowy o trzech stopniach swobody wykonany przy niskich nak\u0142adach finansowych oraz ograniczonym dost\u0119pnie do parku maszynowego. Uk\u0142ad sterowania manipulatora zbudowany jest od podstaw <br>w oparciu o mikroprocesory ATmega8 oraz ATmega32. Sterownie nap\u0119dami realizowane jest w p\u0119tli zamkni\u0119tej z wykorzystaniem regulatora PID.<\/p>\n\n\n\n<h4 class=\"wp-block-heading\">2) <b>Robot o strukturze r\u00f3wnoleg\u0142ej \u2013 Delta<\/b><\/h4>\n\n\n\n<p>Edukacyjny robot typu delta sterowany systemem czasu rzeczywistego zosta\u0142 zaprojektowany i wykonany przez Student\u00f3w PK. Robot umo\u017cliwia pobranie i przemieszczenie stalowych \u015brut\u00f3w o \u015brednicy 5 mm. Ustalona sekwencja najazdu i odjazdu z ka\u017cdej pozycji ze \u015brutem i bez niego umo\u017cliwi\u0142a przygotowanie aplikacji ze z\u0142o\u017conym ruchem.<\/p>\n\n\n\n<h4 class=\"wp-block-heading\">3) <b>Robot krocz\u0105cy \u2013 Hexapod <\/b><\/h4>\n\n\n\n<p>Robot dzi\u0119ki technice zdalnego sterowania za pomoc\u0105 kontrolera i inteligentnej adaptacji, jest w stanie bezpiecznie dotrze\u0107 tam, gdzie by\u0142oby to niemo\u017cliwe dla cz\u0142owieka. Sze\u015b\u0107 n\u00f3g umo\u017cliwia pokonanie r\u00f3\u017cnych przeszk\u00f3d i poruszanie si\u0119 po nier\u00f3wnym terenie. Robot mo\u017ce by\u0107 wykorzystany do eksploracji trudno dost\u0119pnych miejsc i badania otoczenia.<\/p>\n\n\n\n<h4 class=\"wp-block-heading\">4) <b>Robot Kawasaki rozdaj\u0105cy s\u0142odko\u015bci<\/b><\/h4>\n\n\n\n<p>Robot przemys\u0142owy Kawasaki RS005L w aplikacji przenoszenia i rozdawania s\u0142odyczy. Robot wyposa\u017cony w chwytak ssawkowy precyzyjnie pobiera, manipuluje i rozdaje s\u0142odycze. Zaawansowany kontroler robota dba o poprawn\u0105 realizacj\u0119 programu, a uk\u0142ad bezpiecze\u0144stwa oraz czujniki zapewnia bezpieczne funkcjonowanie w pobli\u017cu cz\u0142owieka. Profesjonalny robot w ciekawej aplikacji napisanej przez Student\u00f3w w ramach sta\u017cu wykonanego w firmie Astor.<\/p>\n\n\n\n<h4 class=\"wp-block-heading\">5) <b>G\u0105sienicowy robot inspekcyjny R-bot&nbsp;<\/b><\/h4>\n\n\n\n<p>R-bot jest prototypem niewielkiego, g\u0105sienicowego robota inspekcyjnego, kt\u00f3ry zosta\u0142 zaprojektowany i wykonany przez Studenta PK. Robot cechuje si\u0119 mo\u017cliwo\u015bci\u0105 zmiany swoich wymiar\u00f3w gabarytowych w zale\u017cno\u015bci od pokonywanych przeszk\u00f3d terenowych, np. w niskim tunelu lub w w\u0105skim korytarzu.<\/p>\n","protected":false},"excerpt":{"rendered":"<p>FESTIWAL NAUKI \u2013 RYNEK G\u0141\u00d3WNY Instytut Technologii Maszyn i Automatyzacji Produkcji bierze czynny udzia\u0142 w Festiwalu Nauki.&nbsp; Wszyscy ch\u0119tni mog\u0105 spotka\u0107 si\u0119 m.in. z robotami wykonanymi przez Student\u00f3w AiR.&nbsp; Przyk\u0142adowe prace zaprezentowane w ostatnich latach, to: 1) Robot o strukturze szeregowej &#8211; 3R Stanowisko prezentuje manipulator szeregowy o trzech stopniach swobody wykonany przy niskich nak\u0142adach [&hellip;]<\/p>\n","protected":false},"author":4,"featured_media":0,"parent":0,"menu_order":0,"comment_status":"closed","ping_status":"closed","template":"","meta":{"footnotes":""},"class_list":["post-1456","page","type-page","status-publish","hentry"],"_links":{"self":[{"href":"https:\/\/air.pk.edu.pl\/index.php\/wp-json\/wp\/v2\/pages\/1456","targetHints":{"allow":["GET"]}}],"collection":[{"href":"https:\/\/air.pk.edu.pl\/index.php\/wp-json\/wp\/v2\/pages"}],"about":[{"href":"https:\/\/air.pk.edu.pl\/index.php\/wp-json\/wp\/v2\/types\/page"}],"author":[{"embeddable":true,"href":"https:\/\/air.pk.edu.pl\/index.php\/wp-json\/wp\/v2\/users\/4"}],"replies":[{"embeddable":true,"href":"https:\/\/air.pk.edu.pl\/index.php\/wp-json\/wp\/v2\/comments?post=1456"}],"version-history":[{"count":0,"href":"https:\/\/air.pk.edu.pl\/index.php\/wp-json\/wp\/v2\/pages\/1456\/revisions"}],"wp:attachment":[{"href":"https:\/\/air.pk.edu.pl\/index.php\/wp-json\/wp\/v2\/media?parent=1456"}],"curies":[{"name":"wp","href":"https:\/\/api.w.org\/{rel}","templated":true}]}}