{"id":1465,"date":"2019-03-21T07:41:35","date_gmt":"2019-03-21T06:41:35","guid":{"rendered":"http:\/\/air.pk.edu.pl\/?page_id=1465"},"modified":"2020-07-02T11:54:54","modified_gmt":"2020-07-02T09:54:54","slug":"noc-naukowcow","status":"publish","type":"page","link":"https:\/\/air.pk.edu.pl\/index.php\/noc-naukowcow\/","title":{"rendered":"Noc Naukowc\u00f3w"},"content":{"rendered":"\n<h3 class=\"wp-block-heading\">MA\u0141OPOLSKA NOC NAUKOWC\u00d3W \u2013 WYDZIA\u0141 MECHANICZNY<\/h3>\n\n\n\n<p>W ramach wydarzenia <strong>Ma\u0142opolska Noc Naukowc\u00f3w<\/strong>, pracownicy Instytutu Technologii Maszyn i Automatyzacji Produkcji przygotowuj\u0105 co roku dla wszystkich pasjonat\u00f3w nauki ciekawe pokazy i eksperymenty.&nbsp;<\/p>\n\n\n\n<figure class=\"wp-block-gallery columns-3 is-cropped wp-block-gallery-1 is-layout-flex wp-block-gallery-is-layout-flex\"><ul class=\"blocks-gallery-grid\"><li class=\"blocks-gallery-item\"><figure><img fetchpriority=\"high\" decoding=\"async\" width=\"900\" height=\"599\" src=\"https:\/\/air.pk.edu.pl\/wp-content\/uploads\/2019\/03\/DSC_4576.jpg\" alt=\"\" data-id=\"1479\" data-full-url=\"https:\/\/air.pk.edu.pl\/wp-content\/uploads\/2019\/03\/DSC_4576.jpg\" data-link=\"https:\/\/air.pk.edu.pl\/dsc_4576\/\" class=\"wp-image-1479\" srcset=\"https:\/\/air.pk.edu.pl\/wp-content\/uploads\/2019\/03\/DSC_4576.jpg 900w, https:\/\/air.pk.edu.pl\/wp-content\/uploads\/2019\/03\/DSC_4576-300x200.jpg 300w, https:\/\/air.pk.edu.pl\/wp-content\/uploads\/2019\/03\/DSC_4576-768x511.jpg 768w\" sizes=\"(max-width: 900px) 100vw, 900px\" \/><\/figure><\/li><li class=\"blocks-gallery-item\"><figure><img decoding=\"async\" width=\"900\" height=\"599\" src=\"https:\/\/air.pk.edu.pl\/wp-content\/uploads\/2019\/03\/DSC_4557.jpg\" alt=\"\" data-id=\"1478\" data-full-url=\"https:\/\/air.pk.edu.pl\/wp-content\/uploads\/2019\/03\/DSC_4557.jpg\" data-link=\"https:\/\/air.pk.edu.pl\/dsc_4557\/\" class=\"wp-image-1478\" srcset=\"https:\/\/air.pk.edu.pl\/wp-content\/uploads\/2019\/03\/DSC_4557.jpg 900w, https:\/\/air.pk.edu.pl\/wp-content\/uploads\/2019\/03\/DSC_4557-300x200.jpg 300w, https:\/\/air.pk.edu.pl\/wp-content\/uploads\/2019\/03\/DSC_4557-768x511.jpg 768w\" sizes=\"(max-width: 900px) 100vw, 900px\" \/><\/figure><\/li><li class=\"blocks-gallery-item\"><figure><img decoding=\"async\" width=\"900\" height=\"599\" src=\"https:\/\/air.pk.edu.pl\/wp-content\/uploads\/2019\/03\/DSC_4544.jpg\" alt=\"\" data-id=\"1477\" data-full-url=\"https:\/\/air.pk.edu.pl\/wp-content\/uploads\/2019\/03\/DSC_4544.jpg\" data-link=\"https:\/\/air.pk.edu.pl\/dsc_4544\/\" class=\"wp-image-1477\" srcset=\"https:\/\/air.pk.edu.pl\/wp-content\/uploads\/2019\/03\/DSC_4544.jpg 900w, https:\/\/air.pk.edu.pl\/wp-content\/uploads\/2019\/03\/DSC_4544-300x200.jpg 300w, https:\/\/air.pk.edu.pl\/wp-content\/uploads\/2019\/03\/DSC_4544-768x511.jpg 768w\" sizes=\"(max-width: 900px) 100vw, 900px\" \/><\/figure><\/li><li class=\"blocks-gallery-item\"><figure><img loading=\"lazy\" decoding=\"async\" width=\"900\" height=\"599\" src=\"https:\/\/air.pk.edu.pl\/wp-content\/uploads\/2019\/03\/DSC_4541.jpg\" alt=\"\" data-id=\"1476\" data-full-url=\"https:\/\/air.pk.edu.pl\/wp-content\/uploads\/2019\/03\/DSC_4541.jpg\" data-link=\"https:\/\/air.pk.edu.pl\/dsc_4541\/\" class=\"wp-image-1476\" srcset=\"https:\/\/air.pk.edu.pl\/wp-content\/uploads\/2019\/03\/DSC_4541.jpg 900w, https:\/\/air.pk.edu.pl\/wp-content\/uploads\/2019\/03\/DSC_4541-300x200.jpg 300w, https:\/\/air.pk.edu.pl\/wp-content\/uploads\/2019\/03\/DSC_4541-768x511.jpg 768w\" sizes=\"(max-width: 900px) 100vw, 900px\" \/><\/figure><\/li><li class=\"blocks-gallery-item\"><figure><img loading=\"lazy\" decoding=\"async\" width=\"900\" height=\"599\" src=\"https:\/\/air.pk.edu.pl\/wp-content\/uploads\/2019\/03\/DSC_4537.jpg\" alt=\"\" data-id=\"1475\" data-full-url=\"https:\/\/air.pk.edu.pl\/wp-content\/uploads\/2019\/03\/DSC_4537.jpg\" data-link=\"https:\/\/air.pk.edu.pl\/dsc_4537\/\" class=\"wp-image-1475\" srcset=\"https:\/\/air.pk.edu.pl\/wp-content\/uploads\/2019\/03\/DSC_4537.jpg 900w, https:\/\/air.pk.edu.pl\/wp-content\/uploads\/2019\/03\/DSC_4537-300x200.jpg 300w, https:\/\/air.pk.edu.pl\/wp-content\/uploads\/2019\/03\/DSC_4537-768x511.jpg 768w\" sizes=\"(max-width: 900px) 100vw, 900px\" \/><\/figure><\/li><li class=\"blocks-gallery-item\"><figure><img loading=\"lazy\" decoding=\"async\" width=\"950\" height=\"632\" src=\"https:\/\/air.pk.edu.pl\/wp-content\/uploads\/2019\/03\/0103.jpg\" alt=\"\" data-id=\"1473\" data-full-url=\"https:\/\/air.pk.edu.pl\/wp-content\/uploads\/2019\/03\/0103.jpg\" data-link=\"https:\/\/air.pk.edu.pl\/0103\/\" class=\"wp-image-1473\" srcset=\"https:\/\/air.pk.edu.pl\/wp-content\/uploads\/2019\/03\/0103.jpg 950w, https:\/\/air.pk.edu.pl\/wp-content\/uploads\/2019\/03\/0103-300x200.jpg 300w, https:\/\/air.pk.edu.pl\/wp-content\/uploads\/2019\/03\/0103-768x511.jpg 768w\" sizes=\"(max-width: 950px) 100vw, 950px\" \/><\/figure><\/li><li class=\"blocks-gallery-item\"><figure><img loading=\"lazy\" decoding=\"async\" width=\"950\" height=\"632\" src=\"https:\/\/air.pk.edu.pl\/wp-content\/uploads\/2019\/03\/0059.jpg\" alt=\"\" data-id=\"1472\" data-full-url=\"https:\/\/air.pk.edu.pl\/wp-content\/uploads\/2019\/03\/0059.jpg\" data-link=\"https:\/\/air.pk.edu.pl\/0059\/\" class=\"wp-image-1472\" srcset=\"https:\/\/air.pk.edu.pl\/wp-content\/uploads\/2019\/03\/0059.jpg 950w, https:\/\/air.pk.edu.pl\/wp-content\/uploads\/2019\/03\/0059-300x200.jpg 300w, https:\/\/air.pk.edu.pl\/wp-content\/uploads\/2019\/03\/0059-768x511.jpg 768w\" sizes=\"(max-width: 950px) 100vw, 950px\" \/><\/figure><\/li><li class=\"blocks-gallery-item\"><figure><img loading=\"lazy\" decoding=\"async\" width=\"900\" height=\"598\" src=\"https:\/\/air.pk.edu.pl\/wp-content\/uploads\/2019\/03\/0024.jpg\" alt=\"\" data-id=\"1471\" data-full-url=\"https:\/\/air.pk.edu.pl\/wp-content\/uploads\/2019\/03\/0024.jpg\" data-link=\"https:\/\/air.pk.edu.pl\/0024\/\" class=\"wp-image-1471\" srcset=\"https:\/\/air.pk.edu.pl\/wp-content\/uploads\/2019\/03\/0024.jpg 900w, https:\/\/air.pk.edu.pl\/wp-content\/uploads\/2019\/03\/0024-300x199.jpg 300w, https:\/\/air.pk.edu.pl\/wp-content\/uploads\/2019\/03\/0024-768x510.jpg 768w\" sizes=\"(max-width: 900px) 100vw, 900px\" \/><\/figure><\/li><li class=\"blocks-gallery-item\"><figure><img loading=\"lazy\" decoding=\"async\" width=\"900\" height=\"600\" src=\"https:\/\/air.pk.edu.pl\/wp-content\/uploads\/2019\/03\/0023a.jpg\" alt=\"\" data-id=\"1470\" data-full-url=\"https:\/\/air.pk.edu.pl\/wp-content\/uploads\/2019\/03\/0023a.jpg\" data-link=\"https:\/\/air.pk.edu.pl\/0023a\/\" class=\"wp-image-1470\" srcset=\"https:\/\/air.pk.edu.pl\/wp-content\/uploads\/2019\/03\/0023a.jpg 900w, https:\/\/air.pk.edu.pl\/wp-content\/uploads\/2019\/03\/0023a-300x200.jpg 300w, https:\/\/air.pk.edu.pl\/wp-content\/uploads\/2019\/03\/0023a-768x512.jpg 768w\" sizes=\"(max-width: 900px) 100vw, 900px\" \/><\/figure><\/li><li class=\"blocks-gallery-item\"><figure><img loading=\"lazy\" decoding=\"async\" width=\"950\" height=\"629\" src=\"https:\/\/air.pk.edu.pl\/wp-content\/uploads\/2019\/03\/0023.jpg\" alt=\"\" data-id=\"1469\" data-full-url=\"https:\/\/air.pk.edu.pl\/wp-content\/uploads\/2019\/03\/0023.jpg\" data-link=\"https:\/\/air.pk.edu.pl\/0023\/\" class=\"wp-image-1469\" srcset=\"https:\/\/air.pk.edu.pl\/wp-content\/uploads\/2019\/03\/0023.jpg 950w, https:\/\/air.pk.edu.pl\/wp-content\/uploads\/2019\/03\/0023-300x199.jpg 300w, https:\/\/air.pk.edu.pl\/wp-content\/uploads\/2019\/03\/0023-768x508.jpg 768w\" sizes=\"(max-width: 950px) 100vw, 950px\" \/><\/figure><\/li><li class=\"blocks-gallery-item\"><figure><img loading=\"lazy\" decoding=\"async\" width=\"950\" height=\"632\" src=\"https:\/\/air.pk.edu.pl\/wp-content\/uploads\/2019\/03\/0008-1.jpg\" alt=\"\" data-id=\"1468\" data-full-url=\"https:\/\/air.pk.edu.pl\/wp-content\/uploads\/2019\/03\/0008-1.jpg\" data-link=\"https:\/\/air.pk.edu.pl\/0008-2\/\" class=\"wp-image-1468\" srcset=\"https:\/\/air.pk.edu.pl\/wp-content\/uploads\/2019\/03\/0008-1.jpg 950w, https:\/\/air.pk.edu.pl\/wp-content\/uploads\/2019\/03\/0008-1-300x200.jpg 300w, https:\/\/air.pk.edu.pl\/wp-content\/uploads\/2019\/03\/0008-1-768x511.jpg 768w\" sizes=\"(max-width: 950px) 100vw, 950px\" \/><\/figure><\/li><li class=\"blocks-gallery-item\"><figure><img loading=\"lazy\" decoding=\"async\" width=\"900\" height=\"598\" src=\"https:\/\/air.pk.edu.pl\/wp-content\/uploads\/2019\/03\/0006.jpg\" alt=\"\" data-id=\"1467\" data-full-url=\"https:\/\/air.pk.edu.pl\/wp-content\/uploads\/2019\/03\/0006.jpg\" data-link=\"https:\/\/air.pk.edu.pl\/0006\/\" class=\"wp-image-1467\" srcset=\"https:\/\/air.pk.edu.pl\/wp-content\/uploads\/2019\/03\/0006.jpg 900w, https:\/\/air.pk.edu.pl\/wp-content\/uploads\/2019\/03\/0006-300x199.jpg 300w, https:\/\/air.pk.edu.pl\/wp-content\/uploads\/2019\/03\/0006-768x510.jpg 768w\" sizes=\"(max-width: 900px) 100vw, 900px\" \/><\/figure><\/li><li class=\"blocks-gallery-item\"><figure><img loading=\"lazy\" decoding=\"async\" width=\"900\" height=\"599\" src=\"https:\/\/air.pk.edu.pl\/wp-content\/uploads\/2019\/03\/DSC_4534.jpg\" alt=\"\" data-id=\"1474\" data-full-url=\"https:\/\/air.pk.edu.pl\/wp-content\/uploads\/2019\/03\/DSC_4534.jpg\" data-link=\"https:\/\/air.pk.edu.pl\/dsc_4534\/\" class=\"wp-image-1474\" srcset=\"https:\/\/air.pk.edu.pl\/wp-content\/uploads\/2019\/03\/DSC_4534.jpg 900w, https:\/\/air.pk.edu.pl\/wp-content\/uploads\/2019\/03\/DSC_4534-300x200.jpg 300w, https:\/\/air.pk.edu.pl\/wp-content\/uploads\/2019\/03\/DSC_4534-768x511.jpg 768w\" sizes=\"(max-width: 900px) 100vw, 900px\" \/><\/figure><\/li><\/ul><\/figure>\n\n\n\n<p>Przyk\u0142adowe prace zaprezentowane w ostatnich latach, to:<\/p>\n\n\n\n<p>Gry i zabawy, pokazy:<br><b>\u201eZabawy z robotami\u201d&nbsp;<\/b>Ta\u0144cz\u0105cy robot, \u201ePokieruj robotem &#8211; roboty krocz\u0105ce\u201d,&nbsp;\u201eZaprogramuj robota\u201d, \u201eNiech robot wygraweruje tw\u00f3j breloczek\u201d.<\/p>\n\n\n\n<p><b style=\"font-family: inherit; font-style: inherit;\">Wydzia\u0142 Mechaniczny, Instytut Technologii Maszyn i Automatyzacji Produkcji,\u00a0budynek B, Hala, sala E09, al. Jana Paw\u0142a II 37, godz. 18.00-23.00.<\/b><\/p>\n\n\n\n<p>Gry i zabawy, pokazy:&nbsp;<\/p>\n\n\n\n<p><b>\u201eSpotkanie z robotem\u201d<\/b><\/p>\n\n\n\n<p>Wy\u015bcigi robot\u00f3w, roboty lego, robot w\u0105\u017c, roboty sumo.<\/p>\n\n\n\n<p><b>Wydzia\u0142 Mechaniczny, Instytut Technologii Maszyn i Automatyzacji Produkcji,\u00a0budynek E, sala E12a, al. Jana Paw\u0142a II 37, godz. 18.00-23.00.<\/b><\/p>\n\n\n\n<p>Demonstracje, pokazy:\u00a0<b>\u201eDrukarka 3D &#8211; poznaj \u015bwiat nowoczesnych technologii\u201d<\/b><br>Prezentacja mo\u017cliwo\u015bci druku 3D.<br><b><br>Wydzia\u0142 Mechaniczny, Instytut Technologii Maszyn i Automatyzacji Produkcji,\u00a0budynek E, sala E12a, al. Jana Paw\u0142a II 37, godz. 18.00-23.00.<\/b><\/p>\n","protected":false},"excerpt":{"rendered":"<p>MA\u0141OPOLSKA NOC NAUKOWC\u00d3W \u2013 WYDZIA\u0141 MECHANICZNY W ramach wydarzenia Ma\u0142opolska Noc Naukowc\u00f3w, pracownicy Instytutu Technologii Maszyn i Automatyzacji Produkcji przygotowuj\u0105 co roku dla wszystkich pasjonat\u00f3w nauki ciekawe pokazy i eksperymenty.&nbsp; Przyk\u0142adowe prace zaprezentowane w ostatnich latach, to: Gry i zabawy, pokazy:\u201eZabawy z robotami\u201d&nbsp;Ta\u0144cz\u0105cy robot, \u201ePokieruj robotem &#8211; roboty krocz\u0105ce\u201d,&nbsp;\u201eZaprogramuj robota\u201d, \u201eNiech robot wygraweruje tw\u00f3j breloczek\u201d. [&hellip;]<\/p>\n","protected":false},"author":4,"featured_media":0,"parent":0,"menu_order":0,"comment_status":"closed","ping_status":"closed","template":"","meta":{"footnotes":""},"class_list":["post-1465","page","type-page","status-publish","hentry"],"_links":{"self":[{"href":"https:\/\/air.pk.edu.pl\/index.php\/wp-json\/wp\/v2\/pages\/1465","targetHints":{"allow":["GET"]}}],"collection":[{"href":"https:\/\/air.pk.edu.pl\/index.php\/wp-json\/wp\/v2\/pages"}],"about":[{"href":"https:\/\/air.pk.edu.pl\/index.php\/wp-json\/wp\/v2\/types\/page"}],"author":[{"embeddable":true,"href":"https:\/\/air.pk.edu.pl\/index.php\/wp-json\/wp\/v2\/users\/4"}],"replies":[{"embeddable":true,"href":"https:\/\/air.pk.edu.pl\/index.php\/wp-json\/wp\/v2\/comments?post=1465"}],"version-history":[{"count":0,"href":"https:\/\/air.pk.edu.pl\/index.php\/wp-json\/wp\/v2\/pages\/1465\/revisions"}],"wp:attachment":[{"href":"https:\/\/air.pk.edu.pl\/index.php\/wp-json\/wp\/v2\/media?parent=1465"}],"curies":[{"name":"wp","href":"https:\/\/api.w.org\/{rel}","templated":true}]}}