{"id":1702,"date":"2020-05-18T11:56:41","date_gmt":"2020-05-18T09:56:41","guid":{"rendered":"https:\/\/air.pk.edu.pl\/?page_id=1702"},"modified":"2021-11-17T14:17:20","modified_gmt":"2021-11-17T13:17:20","slug":"technologie-informacyjne-w-systemach-produkcyjnych","status":"publish","type":"page","link":"https:\/\/air.pk.edu.pl\/index.php\/studia-i-stopnia\/technologie-informacyjne-w-systemach-produkcyjnych\/","title":{"rendered":"Technologie Informacyjne w Systemach Produkcyjnych"},"content":{"rendered":"\n<p>Specjalno\u015b\u0107 ukierunkowana na nowoczesne zastosowania technik informatycznych w systemach produkcyjnych. Specjalno\u015b\u0107 ta w spos\u00f3b szczeg\u00f3lny koncentruje si\u0119 na wykorzystaniu nowoczesnych technik informatycznych w automatyzacji i robotyzacji system\u00f3w produkcyjnych, zgodnych z ide\u0105 cyfrowej rewolucji przemys\u0142owej, czyli przemys\u0142u 4.0. <\/p>\n\n\n\n<p>Absolwent uzyskuje kompetencje o charakterze narz\u0119dziowym z zakresu technologii informatycznych stosowanych w systemach produkcyjnych. <\/p>\n\n\n\n<p>Obejmuje to m.in. takie zagadnienia jak: Internet rzeczy, programowanie uk\u0142ad\u00f3w sterowania, zaawansowane techniki CAD\/CAM, j\u0119zyki dla Internetu czy te\u017c komputerowe systemy zarz\u0105dzania i sterowania produkcj\u0105. Dzi\u0119ki kszta\u0142ceniu uwzgl\u0119dniaj\u0105cym obecne trendy rozwojowe najnowocze\u015bniejszych technologii, oferuje solidne podstawy zar\u00f3wno w procesie poszukiwania satysfakcjonuj\u0105cego miejsca pracy, jak r\u00f3wnie\u017c dalszego kszta\u0142cenia niezb\u0119dnego w dynamicznie rozwijaj\u0105cym si\u0119 wsp\u00f3\u0142czesnym \u015bwiecie.<\/p>\n\n\n\n<h2 class=\"has-text-align-center wp-block-heading\"><strong><a href=\"https:\/\/air.pk.edu.pl\/pliki\/AiR_TIwSP.pdf\" target=\"_blank\" rel=\"noreferrer noopener\">Technologie Informacyjne <\/a><\/strong><br><strong><a href=\"https:\/\/air.pk.edu.pl\/pliki\/AiR_TIwSP.pdf\" target=\"_blank\" rel=\"noreferrer noopener\">w Systemach Produkcyjnych<\/a><\/strong> &#8211; prezentacja <\/h2>\n\n\n\n<div style=\"height:100px\" aria-hidden=\"true\" class=\"wp-block-spacer\"><\/div>\n\n\n\n<p><\/p>\n\n\n\n<h3 class=\"has-text-align-center wp-block-heading\">Plan specjalno\u015bci:&nbsp;<br><strong><a href=\"http:\/\/www.syllabus.pk.edu.pl\/plan\/show\/html.pk?id=3743\">Technologie Informacyjne w Systemach Produkcyjnych<\/a><\/strong><\/h3>\n\n\n\n<p><strong>kierownik specjalno\u015bci: <br>dr in\u017c. Waldemar Ma\u0142opolski<\/strong><\/p>\n\n\n\n<figure class=\"wp-block-gallery columns-2 is-cropped wp-block-gallery-1 is-layout-flex wp-block-gallery-is-layout-flex\"><ul class=\"blocks-gallery-grid\"><li class=\"blocks-gallery-item\"><figure><img fetchpriority=\"high\" decoding=\"async\" width=\"1024\" height=\"776\" src=\"https:\/\/air.pk.edu.pl\/wp-content\/uploads\/2020\/07\/AiR-19-1024x776.jpg\" alt=\"\" data-id=\"2728\" data-full-url=\"https:\/\/air.pk.edu.pl\/wp-content\/uploads\/2020\/07\/AiR-19.jpg\" data-link=\"https:\/\/air.pk.edu.pl\/air-19\/\" class=\"wp-image-2728\" srcset=\"https:\/\/air.pk.edu.pl\/wp-content\/uploads\/2020\/07\/AiR-19-1024x776.jpg 1024w, https:\/\/air.pk.edu.pl\/wp-content\/uploads\/2020\/07\/AiR-19-300x227.jpg 300w, https:\/\/air.pk.edu.pl\/wp-content\/uploads\/2020\/07\/AiR-19-768x582.jpg 768w, https:\/\/air.pk.edu.pl\/wp-content\/uploads\/2020\/07\/AiR-19-1536x1164.jpg 1536w, https:\/\/air.pk.edu.pl\/wp-content\/uploads\/2020\/07\/AiR-19.jpg 1600w\" sizes=\"(max-width: 1024px) 100vw, 1024px\" \/><\/figure><\/li><li class=\"blocks-gallery-item\"><figure><img decoding=\"async\" width=\"1024\" height=\"683\" src=\"https:\/\/air.pk.edu.pl\/wp-content\/uploads\/2020\/07\/AiR-17-1024x683.jpg\" alt=\"\" data-id=\"2726\" data-full-url=\"https:\/\/air.pk.edu.pl\/wp-content\/uploads\/2020\/07\/AiR-17.jpg\" data-link=\"https:\/\/air.pk.edu.pl\/air-17\/\" class=\"wp-image-2726\" srcset=\"https:\/\/air.pk.edu.pl\/wp-content\/uploads\/2020\/07\/AiR-17-1024x683.jpg 1024w, https:\/\/air.pk.edu.pl\/wp-content\/uploads\/2020\/07\/AiR-17-300x200.jpg 300w, https:\/\/air.pk.edu.pl\/wp-content\/uploads\/2020\/07\/AiR-17-768x512.jpg 768w, https:\/\/air.pk.edu.pl\/wp-content\/uploads\/2020\/07\/AiR-17-1536x1024.jpg 1536w, https:\/\/air.pk.edu.pl\/wp-content\/uploads\/2020\/07\/AiR-17.jpg 1600w\" sizes=\"(max-width: 1024px) 100vw, 1024px\" \/><\/figure><\/li><li class=\"blocks-gallery-item\"><figure><img decoding=\"async\" width=\"1024\" height=\"680\" src=\"https:\/\/air.pk.edu.pl\/wp-content\/uploads\/2020\/07\/AiR-13-1024x680.jpg\" alt=\"\" data-id=\"2722\" data-full-url=\"https:\/\/air.pk.edu.pl\/wp-content\/uploads\/2020\/07\/AiR-13.jpg\" data-link=\"https:\/\/air.pk.edu.pl\/air-13\/\" class=\"wp-image-2722\" srcset=\"https:\/\/air.pk.edu.pl\/wp-content\/uploads\/2020\/07\/AiR-13-1024x680.jpg 1024w, https:\/\/air.pk.edu.pl\/wp-content\/uploads\/2020\/07\/AiR-13-300x199.jpg 300w, https:\/\/air.pk.edu.pl\/wp-content\/uploads\/2020\/07\/AiR-13-768x510.jpg 768w, https:\/\/air.pk.edu.pl\/wp-content\/uploads\/2020\/07\/AiR-13-1536x1020.jpg 1536w, https:\/\/air.pk.edu.pl\/wp-content\/uploads\/2020\/07\/AiR-13.jpg 1600w\" sizes=\"(max-width: 1024px) 100vw, 1024px\" \/><\/figure><\/li><\/ul><\/figure>\n","protected":false},"excerpt":{"rendered":"<p>Specjalno\u015b\u0107 ukierunkowana na nowoczesne zastosowania technik informatycznych w systemach produkcyjnych. Specjalno\u015b\u0107 ta w spos\u00f3b szczeg\u00f3lny koncentruje si\u0119 na wykorzystaniu nowoczesnych technik informatycznych w automatyzacji i robotyzacji system\u00f3w produkcyjnych, zgodnych z ide\u0105 cyfrowej rewolucji przemys\u0142owej, czyli przemys\u0142u 4.0. Absolwent uzyskuje kompetencje o charakterze narz\u0119dziowym z zakresu technologii informatycznych stosowanych w systemach produkcyjnych. Obejmuje to m.in. takie [&hellip;]<\/p>\n","protected":false},"author":4,"featured_media":2819,"parent":1690,"menu_order":0,"comment_status":"closed","ping_status":"closed","template":"","meta":{"footnotes":""},"class_list":["post-1702","page","type-page","status-publish","has-post-thumbnail","hentry"],"_links":{"self":[{"href":"https:\/\/air.pk.edu.pl\/index.php\/wp-json\/wp\/v2\/pages\/1702","targetHints":{"allow":["GET"]}}],"collection":[{"href":"https:\/\/air.pk.edu.pl\/index.php\/wp-json\/wp\/v2\/pages"}],"about":[{"href":"https:\/\/air.pk.edu.pl\/index.php\/wp-json\/wp\/v2\/types\/page"}],"author":[{"embeddable":true,"href":"https:\/\/air.pk.edu.pl\/index.php\/wp-json\/wp\/v2\/users\/4"}],"replies":[{"embeddable":true,"href":"https:\/\/air.pk.edu.pl\/index.php\/wp-json\/wp\/v2\/comments?post=1702"}],"version-history":[{"count":0,"href":"https:\/\/air.pk.edu.pl\/index.php\/wp-json\/wp\/v2\/pages\/1702\/revisions"}],"up":[{"embeddable":true,"href":"https:\/\/air.pk.edu.pl\/index.php\/wp-json\/wp\/v2\/pages\/1690"}],"wp:featuredmedia":[{"embeddable":true,"href":"https:\/\/air.pk.edu.pl\/index.php\/wp-json\/wp\/v2\/media\/2819"}],"wp:attachment":[{"href":"https:\/\/air.pk.edu.pl\/index.php\/wp-json\/wp\/v2\/media?parent=1702"}],"curies":[{"name":"wp","href":"https:\/\/api.w.org\/{rel}","templated":true}]}}