{"id":1745,"date":"2020-05-19T16:50:15","date_gmt":"2020-05-19T14:50:15","guid":{"rendered":"https:\/\/air.pk.edu.pl\/?page_id=1745"},"modified":"2020-07-20T13:02:53","modified_gmt":"2020-07-20T11:02:53","slug":"sterowanie-i-monitoring-maszyn-i-urzadzen","status":"publish","type":"page","link":"https:\/\/air.pk.edu.pl\/index.php\/studia-ii-stopnia\/sterowanie-i-monitoring-maszyn-i-urzadzen\/","title":{"rendered":"Sterowanie i Monitoring Maszyn i Urz\u0105dze\u0144"},"content":{"rendered":"\n<h3 class=\"wp-block-heading\"><strong>(studia II stopnia)<\/strong><\/h3>\n\n\n\n<p>Specjalno\u015b\u0107 zapoznaje z teoretyczn\u0105 i praktyczn\u0105 realizacj\u0105 urz\u0105dze\u0144 steruj\u0105cych obiektami technicznymi i procesami technologicznymi z ograniczonym udzia\u0142em cz\u0142owieka. Studenci s\u0105 przygotowywani do projektowania i symulacji dzia\u0142ania system\u00f3w sterowania oraz uk\u0142ad\u00f3w diagnostyki i monitoringu. Dodatkowo w ramach specjalno\u015bci, podejmowana jest tematyka energooszcz\u0119dnych i ekologicznych uk\u0142ad\u00f3w nap\u0119du i sterowania oraz zastosowania nowoczesnych system\u00f3w CAD. Studenci specjalno\u015bci buduj\u0105 elementy system\u00f3w sterowania wspieraj\u0105cych prac\u0119 operatora maszyn mobilnych i urz\u0105dze\u0144. Nabyte kompetencje dobrze przygotowuj\u0105 do pracy in\u017cyniera, szczeg\u00f3lnie w aspekcie potrzeb przemys\u0142u 4.0.<\/p>\n\n\n\n<figure class=\"wp-block-gallery columns-2 is-cropped wp-block-gallery-1 is-layout-flex wp-block-gallery-is-layout-flex\"><ul class=\"blocks-gallery-grid\"><li class=\"blocks-gallery-item\"><figure><img fetchpriority=\"high\" decoding=\"async\" width=\"1024\" height=\"776\" src=\"https:\/\/air.pk.edu.pl\/wp-content\/uploads\/2020\/07\/AiR-19-1024x776.jpg\" alt=\"\" data-id=\"2728\" data-full-url=\"https:\/\/air.pk.edu.pl\/wp-content\/uploads\/2020\/07\/AiR-19.jpg\" data-link=\"https:\/\/air.pk.edu.pl\/air-19\/\" class=\"wp-image-2728\" srcset=\"https:\/\/air.pk.edu.pl\/wp-content\/uploads\/2020\/07\/AiR-19-1024x776.jpg 1024w, https:\/\/air.pk.edu.pl\/wp-content\/uploads\/2020\/07\/AiR-19-300x227.jpg 300w, https:\/\/air.pk.edu.pl\/wp-content\/uploads\/2020\/07\/AiR-19-768x582.jpg 768w, https:\/\/air.pk.edu.pl\/wp-content\/uploads\/2020\/07\/AiR-19-1536x1164.jpg 1536w, https:\/\/air.pk.edu.pl\/wp-content\/uploads\/2020\/07\/AiR-19.jpg 1600w\" sizes=\"(max-width: 1024px) 100vw, 1024px\" \/><\/figure><\/li><li class=\"blocks-gallery-item\"><figure><img decoding=\"async\" width=\"1024\" height=\"683\" src=\"https:\/\/air.pk.edu.pl\/wp-content\/uploads\/2020\/07\/AiR-17-1024x683.jpg\" alt=\"\" data-id=\"2726\" data-full-url=\"https:\/\/air.pk.edu.pl\/wp-content\/uploads\/2020\/07\/AiR-17.jpg\" data-link=\"https:\/\/air.pk.edu.pl\/air-17\/\" class=\"wp-image-2726\" srcset=\"https:\/\/air.pk.edu.pl\/wp-content\/uploads\/2020\/07\/AiR-17-1024x683.jpg 1024w, https:\/\/air.pk.edu.pl\/wp-content\/uploads\/2020\/07\/AiR-17-300x200.jpg 300w, https:\/\/air.pk.edu.pl\/wp-content\/uploads\/2020\/07\/AiR-17-768x512.jpg 768w, https:\/\/air.pk.edu.pl\/wp-content\/uploads\/2020\/07\/AiR-17-1536x1024.jpg 1536w, https:\/\/air.pk.edu.pl\/wp-content\/uploads\/2020\/07\/AiR-17.jpg 1600w\" sizes=\"(max-width: 1024px) 100vw, 1024px\" \/><\/figure><\/li><li class=\"blocks-gallery-item\"><figure><img decoding=\"async\" width=\"1024\" height=\"678\" src=\"https:\/\/air.pk.edu.pl\/wp-content\/uploads\/2020\/07\/AiR-20-1024x678.jpg\" alt=\"\" data-id=\"2729\" data-full-url=\"https:\/\/air.pk.edu.pl\/wp-content\/uploads\/2020\/07\/AiR-20.jpg\" data-link=\"https:\/\/air.pk.edu.pl\/air-20\/\" class=\"wp-image-2729\" srcset=\"https:\/\/air.pk.edu.pl\/wp-content\/uploads\/2020\/07\/AiR-20-1024x678.jpg 1024w, https:\/\/air.pk.edu.pl\/wp-content\/uploads\/2020\/07\/AiR-20-300x199.jpg 300w, https:\/\/air.pk.edu.pl\/wp-content\/uploads\/2020\/07\/AiR-20-768x509.jpg 768w, https:\/\/air.pk.edu.pl\/wp-content\/uploads\/2020\/07\/AiR-20-1536x1018.jpg 1536w, https:\/\/air.pk.edu.pl\/wp-content\/uploads\/2020\/07\/AiR-20.jpg 1600w\" sizes=\"(max-width: 1024px) 100vw, 1024px\" \/><\/figure><\/li><\/ul><\/figure>\n","protected":false},"excerpt":{"rendered":"<p>(studia II stopnia) Specjalno\u015b\u0107 zapoznaje z teoretyczn\u0105 i praktyczn\u0105 realizacj\u0105 urz\u0105dze\u0144 steruj\u0105cych obiektami technicznymi i procesami technologicznymi z ograniczonym udzia\u0142em cz\u0142owieka. Studenci s\u0105 przygotowywani do projektowania i symulacji dzia\u0142ania system\u00f3w sterowania oraz uk\u0142ad\u00f3w diagnostyki i monitoringu. Dodatkowo w ramach specjalno\u015bci, podejmowana jest tematyka energooszcz\u0119dnych i ekologicznych uk\u0142ad\u00f3w nap\u0119du i sterowania oraz zastosowania nowoczesnych system\u00f3w CAD. [&hellip;]<\/p>\n","protected":false},"author":4,"featured_media":2716,"parent":1716,"menu_order":0,"comment_status":"closed","ping_status":"closed","template":"","meta":{"footnotes":""},"class_list":["post-1745","page","type-page","status-publish","has-post-thumbnail","hentry"],"_links":{"self":[{"href":"https:\/\/air.pk.edu.pl\/index.php\/wp-json\/wp\/v2\/pages\/1745","targetHints":{"allow":["GET"]}}],"collection":[{"href":"https:\/\/air.pk.edu.pl\/index.php\/wp-json\/wp\/v2\/pages"}],"about":[{"href":"https:\/\/air.pk.edu.pl\/index.php\/wp-json\/wp\/v2\/types\/page"}],"author":[{"embeddable":true,"href":"https:\/\/air.pk.edu.pl\/index.php\/wp-json\/wp\/v2\/users\/4"}],"replies":[{"embeddable":true,"href":"https:\/\/air.pk.edu.pl\/index.php\/wp-json\/wp\/v2\/comments?post=1745"}],"version-history":[{"count":0,"href":"https:\/\/air.pk.edu.pl\/index.php\/wp-json\/wp\/v2\/pages\/1745\/revisions"}],"up":[{"embeddable":true,"href":"https:\/\/air.pk.edu.pl\/index.php\/wp-json\/wp\/v2\/pages\/1716"}],"wp:featuredmedia":[{"embeddable":true,"href":"https:\/\/air.pk.edu.pl\/index.php\/wp-json\/wp\/v2\/media\/2716"}],"wp:attachment":[{"href":"https:\/\/air.pk.edu.pl\/index.php\/wp-json\/wp\/v2\/media?parent=1745"}],"curies":[{"name":"wp","href":"https:\/\/api.w.org\/{rel}","templated":true}]}}