{"id":1747,"date":"2020-05-19T16:51:42","date_gmt":"2020-05-19T14:51:42","guid":{"rendered":"https:\/\/air.pk.edu.pl\/?page_id=1747"},"modified":"2020-05-19T16:51:43","modified_gmt":"2020-05-19T14:51:43","slug":"technologie-informacyjne-w-systemach-produkcyjnych","status":"publish","type":"page","link":"https:\/\/air.pk.edu.pl\/index.php\/studia-ii-stopnia\/technologie-informacyjne-w-systemach-produkcyjnych\/","title":{"rendered":"Technologie Informacyjne w Systemach Produkcyjnych"},"content":{"rendered":"\n<h2 class=\"wp-block-heading\"><strong>Technologie informacyjne w systemach produkcyjnych<\/strong>&nbsp;(studia I i II stopnia)<\/h2>\n\n\n\n<p>Specjalno\u015b\u0107 ukierunkowana na nowoczesne zastosowania technik informatycznych w systemach produkcyjnych. Specjalno\u015b\u0107 ta w spos\u00f3b szczeg\u00f3lny koncentruje si\u0119 na wykorzystaniu nowoczesnych technik informatycznych w automatyzacji i robotyzacji system\u00f3w produkcyjnych, zgodnych z ide\u0105 cyfrowej rewolucji przemys\u0142owej, czyli przemys\u0142u 4.0. Absolwent uzyskuje kompetencje o charakterze narz\u0119dziowym z zakresu technologii informatycznych stosowanych w systemach produkcyjnych. Obejmuje to m.in. takie zagadnienia jak: Internet rzeczy, programowanie uk\u0142ad\u00f3w sterowania, zaawansowane techniki CAD\/CAM, j\u0119zyki dla Internetu czy te\u017c komputerowe systemy zarz\u0105dzania i sterowania produkcj\u0105. Dzi\u0119ki kszta\u0142ceniu uwzgl\u0119dniaj\u0105cym obecne trendy rozwojowe najnowocze\u015bniejszych technologii, oferuje solidne podstawy zar\u00f3wno w procesie poszukiwania satysfakcjonuj\u0105cego miejsca pracy, jak r\u00f3wnie\u017c dalszego kszta\u0142cenia niezb\u0119dnego w dynamicznie rozwijaj\u0105cym si\u0119 wsp\u00f3\u0142czesnym \u015bwiecie.<\/p>\n\n\n\n<p>.<\/p>\n","protected":false},"excerpt":{"rendered":"<p>Technologie informacyjne w systemach produkcyjnych&nbsp;(studia I i II stopnia) Specjalno\u015b\u0107 ukierunkowana na nowoczesne zastosowania technik informatycznych w systemach produkcyjnych. Specjalno\u015b\u0107 ta w spos\u00f3b szczeg\u00f3lny koncentruje si\u0119 na wykorzystaniu nowoczesnych technik informatycznych w automatyzacji i robotyzacji system\u00f3w produkcyjnych, zgodnych z ide\u0105 cyfrowej rewolucji przemys\u0142owej, czyli przemys\u0142u 4.0. Absolwent uzyskuje kompetencje o charakterze narz\u0119dziowym z zakresu technologii [&hellip;]<\/p>\n","protected":false},"author":4,"featured_media":0,"parent":1716,"menu_order":0,"comment_status":"closed","ping_status":"closed","template":"","meta":{"footnotes":""},"class_list":["post-1747","page","type-page","status-publish","hentry"],"_links":{"self":[{"href":"https:\/\/air.pk.edu.pl\/index.php\/wp-json\/wp\/v2\/pages\/1747","targetHints":{"allow":["GET"]}}],"collection":[{"href":"https:\/\/air.pk.edu.pl\/index.php\/wp-json\/wp\/v2\/pages"}],"about":[{"href":"https:\/\/air.pk.edu.pl\/index.php\/wp-json\/wp\/v2\/types\/page"}],"author":[{"embeddable":true,"href":"https:\/\/air.pk.edu.pl\/index.php\/wp-json\/wp\/v2\/users\/4"}],"replies":[{"embeddable":true,"href":"https:\/\/air.pk.edu.pl\/index.php\/wp-json\/wp\/v2\/comments?post=1747"}],"version-history":[{"count":0,"href":"https:\/\/air.pk.edu.pl\/index.php\/wp-json\/wp\/v2\/pages\/1747\/revisions"}],"up":[{"embeddable":true,"href":"https:\/\/air.pk.edu.pl\/index.php\/wp-json\/wp\/v2\/pages\/1716"}],"wp:attachment":[{"href":"https:\/\/air.pk.edu.pl\/index.php\/wp-json\/wp\/v2\/media?parent=1747"}],"curies":[{"name":"wp","href":"https:\/\/api.w.org\/{rel}","templated":true}]}}