{"id":1749,"date":"2020-05-19T17:25:09","date_gmt":"2020-05-19T15:25:09","guid":{"rendered":"https:\/\/air.pk.edu.pl\/?page_id=1749"},"modified":"2026-04-17T11:09:25","modified_gmt":"2026-04-17T09:09:25","slug":"automatyka-i-robotyka","status":"publish","type":"page","link":"https:\/\/air.pk.edu.pl\/index.php\/automatyka-i-robotyka\/","title":{"rendered":"Automatyka i Robotyka"},"content":{"rendered":"\t\t<div data-elementor-type=\"wp-page\" data-elementor-id=\"1749\" class=\"elementor elementor-1749\">\n\t\t\t\t\t\t<section class=\"elementor-section elementor-top-section elementor-element elementor-element-3a94cac elementor-section-boxed elementor-section-height-default elementor-section-height-default\" data-id=\"3a94cac\" data-element_type=\"section\">\n\t\t\t\t\t\t<div class=\"elementor-container elementor-column-gap-default\">\n\t\t\t\t\t<div class=\"elementor-column elementor-col-100 elementor-top-column elementor-element elementor-element-c00f125\" data-id=\"c00f125\" data-element_type=\"column\">\n\t\t\t<div class=\"elementor-widget-wrap elementor-element-populated\">\n\t\t\t\t\t\t<div class=\"elementor-element elementor-element-45f6dd1 elementor-widget elementor-widget-video\" data-id=\"45f6dd1\" data-element_type=\"widget\" data-settings=\"{&quot;youtube_url&quot;:&quot;https:\\\/\\\/youtu.be\\\/G4McDw_f4d8&quot;,&quot;video_type&quot;:&quot;youtube&quot;,&quot;controls&quot;:&quot;yes&quot;}\" data-widget_type=\"video.default\">\n\t\t\t\t<div class=\"elementor-widget-container\">\n\t\t\t\t\t\t\t<div class=\"elementor-wrapper elementor-open-inline\">\n\t\t\t<div class=\"elementor-video\"><\/div>\t\t<\/div>\n\t\t\t\t\t\t<\/div>\n\t\t\t\t<\/div>\n\t\t\t\t\t<\/div>\n\t\t<\/div>\n\t\t\t\t\t<\/div>\n\t\t<\/section>\n\t\t\t\t<section class=\"elementor-section elementor-top-section elementor-element elementor-element-3e00e2ce elementor-section-boxed elementor-section-height-default elementor-section-height-default\" data-id=\"3e00e2ce\" data-element_type=\"section\">\n\t\t\t\t\t\t<div class=\"elementor-container elementor-column-gap-default\">\n\t\t\t\t\t<div class=\"elementor-column elementor-col-100 elementor-top-column elementor-element elementor-element-63d6228c\" data-id=\"63d6228c\" data-element_type=\"column\">\n\t\t\t<div class=\"elementor-widget-wrap elementor-element-populated\">\n\t\t\t\t\t\t<div class=\"elementor-element elementor-element-f093211 elementor-widget elementor-widget-text-editor\" data-id=\"f093211\" data-element_type=\"widget\" data-widget_type=\"text-editor.default\">\n\t\t\t\t<div class=\"elementor-widget-container\">\n\t\t\t\t\t\t\t\t\t\n<p>Automatyka i Robotyka (AiR) jest bardzo dynamicznie rozwijaj\u0105cym si\u0119 kierunkiem studi\u00f3w w dziedzinie nauk in\u017cynieryjno-technicznych.<\/p>\n\n<p>\u00a0<\/p>\n\n<p>Poziom automatyzacji i robotyzacji jest wska\u017anikiem rozwoju technologicznego ka\u017cdej gospodarki. Wraz z rozwojem nowoczesnego przemys\u0142u wzrasta zapotrzebowanie na kadr\u0119 in\u017cyniersk\u0105, dobrze wykszta\u0142con\u0105 w zakresie automatyki i robotyki.<\/p>\n\n<p><strong>Podj\u0119cie studi\u00f3w na tym kierunku daje mo\u017cliwo\u015b\u0107 zdobycia zar\u00f3wno wiedzy teoretycznej jak i umiej\u0119tno\u015bci praktycznych. <\/strong><\/p>\n\n<p>Umo\u017cliwia to absolwentom AiR znalezienie atrakcyjnego zatrudnienia we wszystkich ga\u0142\u0119ziach nowoczesnej gospodarki rozwijaj\u0105cej si\u0119 w ramach czwartej rewolucji przemys\u0142owej.<\/p>\n\n<figure class=\"wp-block-gallery has-nested-images columns-default is-cropped wp-block-gallery-3 is-layout-flex wp-block-gallery-is-layout-flex\">\n<figure class=\"wp-block-image size-large\"><img fetchpriority=\"high\" decoding=\"async\" width=\"1024\" height=\"683\" data-id=\"2725\" class=\"wp-image-2725\" src=\"https:\/\/air.pk.edu.pl\/wp-content\/uploads\/2020\/07\/AiR-16-1024x683.jpg\" alt=\"\" srcset=\"https:\/\/air.pk.edu.pl\/wp-content\/uploads\/2020\/07\/AiR-16-1024x683.jpg 1024w, https:\/\/air.pk.edu.pl\/wp-content\/uploads\/2020\/07\/AiR-16-300x200.jpg 300w, https:\/\/air.pk.edu.pl\/wp-content\/uploads\/2020\/07\/AiR-16-768x512.jpg 768w, https:\/\/air.pk.edu.pl\/wp-content\/uploads\/2020\/07\/AiR-16-1536x1024.jpg 1536w, https:\/\/air.pk.edu.pl\/wp-content\/uploads\/2020\/07\/AiR-16.jpg 1600w\" sizes=\"(max-width: 1024px) 100vw, 1024px\" \/><\/figure>\n\n<figure class=\"wp-block-image size-large\"><img decoding=\"async\" width=\"1024\" height=\"663\" data-id=\"2723\" class=\"wp-image-2723\" src=\"https:\/\/air.pk.edu.pl\/wp-content\/uploads\/2020\/07\/AiR-14-1024x663.jpg\" alt=\"\" srcset=\"https:\/\/air.pk.edu.pl\/wp-content\/uploads\/2020\/07\/AiR-14-1024x663.jpg 1024w, https:\/\/air.pk.edu.pl\/wp-content\/uploads\/2020\/07\/AiR-14-300x194.jpg 300w, https:\/\/air.pk.edu.pl\/wp-content\/uploads\/2020\/07\/AiR-14-768x497.jpg 768w, https:\/\/air.pk.edu.pl\/wp-content\/uploads\/2020\/07\/AiR-14-1536x995.jpg 1536w, https:\/\/air.pk.edu.pl\/wp-content\/uploads\/2020\/07\/AiR-14.jpg 1600w\" sizes=\"(max-width: 1024px) 100vw, 1024px\" \/><\/figure>\n\n<figure class=\"wp-block-image size-large\"><img decoding=\"async\" width=\"1000\" height=\"666\" data-id=\"2709\" class=\"wp-image-2709\" src=\"https:\/\/air.pk.edu.pl\/wp-content\/uploads\/2020\/07\/0033.jpg\" alt=\"\" srcset=\"https:\/\/air.pk.edu.pl\/wp-content\/uploads\/2020\/07\/0033.jpg 1000w, https:\/\/air.pk.edu.pl\/wp-content\/uploads\/2020\/07\/0033-300x200.jpg 300w, https:\/\/air.pk.edu.pl\/wp-content\/uploads\/2020\/07\/0033-768x511.jpg 768w\" sizes=\"(max-width: 1000px) 100vw, 1000px\" \/><\/figure>\n\n<figure class=\"wp-block-image size-large\"><img loading=\"lazy\" decoding=\"async\" width=\"1024\" height=\"681\" data-id=\"2716\" class=\"wp-image-2716\" src=\"https:\/\/air.pk.edu.pl\/wp-content\/uploads\/2020\/07\/AiR-07-1024x681.jpg\" alt=\"\" srcset=\"https:\/\/air.pk.edu.pl\/wp-content\/uploads\/2020\/07\/AiR-07-1024x681.jpg 1024w, https:\/\/air.pk.edu.pl\/wp-content\/uploads\/2020\/07\/AiR-07-300x200.jpg 300w, https:\/\/air.pk.edu.pl\/wp-content\/uploads\/2020\/07\/AiR-07-768x511.jpg 768w, https:\/\/air.pk.edu.pl\/wp-content\/uploads\/2020\/07\/AiR-07-1536x1021.jpg 1536w, https:\/\/air.pk.edu.pl\/wp-content\/uploads\/2020\/07\/AiR-07.jpg 1600w\" sizes=\"(max-width: 1024px) 100vw, 1024px\" \/><\/figure>\n<\/figure>\n\n<h4 class=\"wp-block-heading\">Kierunek integruje w swoim programie podstawow\u0105 wiedz\u0119 z zakresu:<\/h4>\n\n<ul class=\"wp-block-list\">\n<li>sterowania (dyskretnego na poziomie system\u00f3w maszynowych oraz ci\u0105g\u0142ego na poziomie proces\u00f3w technologicznych realizowanych na tych maszynach),<\/li>\n\n<li>automatyzacji system\u00f3w i proces\u00f3w produkcyjnych,<\/li>\n\n<li>informatyki (w szczeg\u00f3lno\u015bci: programowania, komunikacji komputerowej, baz danych, system\u00f3w ekspertowych, technik ewolucyjnych, logiki rozmytej oraz sieci neuronowych),<\/li>\n\n<li>system\u00f3w wspomagania decyzji,<\/li>\n\n<li>mechaniki (w zastosowaniach do robot\u00f3w, manipulator\u00f3w oraz maszyn i urz\u0105dze\u0144),<\/li>\n\n<li>wykorzystanie program\u00f3w CAD w projektowaniu robot\u00f3w, maszyn i urz\u0105dze\u0144,<\/li>\n\n<li>mechatroniki (zw\u0142aszcza w zakresie projektowania i budowy robot\u00f3w mobilnych),<\/li>\n\n<li>diagnostyki maszyn i urz\u0105dze\u0144,<\/li>\n\n<li>zintegrowanego komputerowo wytwarzania,<\/li>\n\n<li>sterowania produkcj\u0105,<\/li>\n\n<li>projektowania proces\u00f3w technologicznych oraz zapewnienia jako\u015bci,<\/li>\n\n<li>zarz\u0105dzania (do planowania produkcji oraz oceny ekonomicznej jej efekt\u00f3w).<\/li>\n<\/ul>\n\n<div class=\"wp-block-spacer\" style=\"height: 30px;\" aria-hidden=\"true\">\u00a0<\/div>\n\n<p><a href=\"https:\/\/youtu.be\/2rJfFxIk7i0\">https:\/\/youtu.be\/2rJfFxIk7i0<\/a><\/p>\n\n<p>Nabywana przez studenta wiedza jest ukierunkowywana na jego osobiste zainteresowania poprzez umo\u017cliwienie wyboru jednej ze specjalno\u015bci. W ramach kierunku istnieje tak\u017ce mo\u017cliwo\u015b\u0107 indywidualnego formu\u0142owania temat\u00f3w prac przej\u015bciowych i dyplomowych. Dotyczy to zw\u0142aszcza sytuacji otrzymania przez student\u00f3w stosownych propozycji zagadnie\u0144 do rozwi\u0105zania z zak\u0142ad\u00f3w pracy, kt\u00f3re zamierzaj\u0105 ich zatrudni\u0107. Zdobyta wiedza umo\u017cliwia absolwentom podj\u0119cie tw\u00f3rczej pracy in\u017cynierskiej w zakresie automatyzacji proces\u00f3w i system\u00f3w oraz sterowania i nadzorowania maszyn i urz\u0105dze\u0144.<br \/>Zgodnie z Rozporz\u0105dzeniem Ministra Transportu i Budownictwa z dnia 28 kwietnia 2006 absolwentom kierunku Automatyka i Robotyka przys\u0142uguje prawo ubiegania si\u0119 o uprawnienia budowlane instalacyjne w zakresie sieci, instalacji i urz\u0105dze\u0144 elektrycznych i elektroenergetycznych.<\/p>\n\n<h4 class=\"wp-block-heading\"><strong>Opiekun kierunku<\/strong><br \/><strong>dr in\u017c. Krzysztof Krupa<\/strong>, prof. PK<br \/><a href=\"mailto:krzysztof.krupa@pk.edu.pl\">krzysztof.krupa@pk.edu.pl<\/a><\/h4>\n<hr class=\"wp-block-separator has-css-opacity\" \/>\n<figure class=\"wp-block-gallery has-nested-images columns-default is-cropped wp-block-gallery-4 is-layout-flex wp-block-gallery-is-layout-flex\">\n<figure class=\"wp-block-image size-large\"><img loading=\"lazy\" decoding=\"async\" width=\"1024\" height=\"678\" data-id=\"2729\" class=\"wp-image-2729\" src=\"https:\/\/air.pk.edu.pl\/wp-content\/uploads\/2020\/07\/AiR-20-1024x678.jpg\" alt=\"\" srcset=\"https:\/\/air.pk.edu.pl\/wp-content\/uploads\/2020\/07\/AiR-20-1024x678.jpg 1024w, https:\/\/air.pk.edu.pl\/wp-content\/uploads\/2020\/07\/AiR-20-300x199.jpg 300w, https:\/\/air.pk.edu.pl\/wp-content\/uploads\/2020\/07\/AiR-20-768x509.jpg 768w, https:\/\/air.pk.edu.pl\/wp-content\/uploads\/2020\/07\/AiR-20-1536x1018.jpg 1536w, https:\/\/air.pk.edu.pl\/wp-content\/uploads\/2020\/07\/AiR-20.jpg 1600w\" sizes=\"(max-width: 1024px) 100vw, 1024px\" \/><\/figure>\n\n<figure class=\"wp-block-image size-large\"><img loading=\"lazy\" decoding=\"async\" width=\"1024\" height=\"680\" data-id=\"2722\" class=\"wp-image-2722\" src=\"https:\/\/air.pk.edu.pl\/wp-content\/uploads\/2020\/07\/AiR-13-1024x680.jpg\" alt=\"\" srcset=\"https:\/\/air.pk.edu.pl\/wp-content\/uploads\/2020\/07\/AiR-13-1024x680.jpg 1024w, https:\/\/air.pk.edu.pl\/wp-content\/uploads\/2020\/07\/AiR-13-300x199.jpg 300w, https:\/\/air.pk.edu.pl\/wp-content\/uploads\/2020\/07\/AiR-13-768x510.jpg 768w, https:\/\/air.pk.edu.pl\/wp-content\/uploads\/2020\/07\/AiR-13-1536x1020.jpg 1536w, https:\/\/air.pk.edu.pl\/wp-content\/uploads\/2020\/07\/AiR-13.jpg 1600w\" sizes=\"(max-width: 1024px) 100vw, 1024px\" \/><\/figure>\n\n<figure class=\"wp-block-image size-large\"><img loading=\"lazy\" decoding=\"async\" width=\"1024\" height=\"683\" data-id=\"2720\" class=\"wp-image-2720\" src=\"https:\/\/air.pk.edu.pl\/wp-content\/uploads\/2020\/07\/AiR-11-1024x683.jpg\" alt=\"\" srcset=\"https:\/\/air.pk.edu.pl\/wp-content\/uploads\/2020\/07\/AiR-11-1024x683.jpg 1024w, https:\/\/air.pk.edu.pl\/wp-content\/uploads\/2020\/07\/AiR-11-300x200.jpg 300w, https:\/\/air.pk.edu.pl\/wp-content\/uploads\/2020\/07\/AiR-11-768x512.jpg 768w, https:\/\/air.pk.edu.pl\/wp-content\/uploads\/2020\/07\/AiR-11-1536x1024.jpg 1536w, https:\/\/air.pk.edu.pl\/wp-content\/uploads\/2020\/07\/AiR-11.jpg 1600w\" sizes=\"(max-width: 1024px) 100vw, 1024px\" \/><\/figure>\n<\/figure>\n\n<h3 class=\"wp-block-heading\">Cele kszta\u0142cenia<\/h3>\n\n<p>Rok 2006 przyni\u00f3s\u0142 zasadnicz\u0105 zmian\u0119 w organizacji kszta\u0142cenia. Dostosowuj\u0105c spos\u00f3b kszta\u0142cenia do systemu funkcjonuj\u0105cego w europejskim obszarze szkolnictwa, studia podzielone zostaj\u0105 na trzy etapy:<\/p>\n\n<ul class=\"wp-block-list\">\n<li>Pierwszego stopnia \u2013 na uczelniach technicznych s\u0105 to studia in\u017cynierskie<br \/>(3,5 roku),<\/li>\n\n<li>Drugiego stopnia \u2013 studia magisterskie (1,5 roku),<\/li>\n\n<li>Trzeciego stopnia \u2013 studia doktoranckie (4 lata).<\/li>\n<\/ul>\n\n<p>Osoby posiadaj\u0105ce uko\u0144czone studia pierwszego stopnia mog\u0105 kontynuowa\u0107 nauk\u0119 r\u00f3wnie\u017c na studiach podyplomowych (1 rok) i kursach.<\/p>\n\t\t\t\t\t\t\t\t<\/div>\n\t\t\t\t<\/div>\n\t\t\t\t<div class=\"elementor-element elementor-element-434bd09 elementor-widget elementor-widget-video\" data-id=\"434bd09\" data-element_type=\"widget\" data-settings=\"{&quot;youtube_url&quot;:&quot;https:\\\/\\\/youtu.be\\\/2rJfFxIk7i0&quot;,&quot;video_type&quot;:&quot;youtube&quot;,&quot;controls&quot;:&quot;yes&quot;}\" data-widget_type=\"video.default\">\n\t\t\t\t<div class=\"elementor-widget-container\">\n\t\t\t\t\t\t\t<div class=\"elementor-wrapper elementor-open-inline\">\n\t\t\t<div class=\"elementor-video\"><\/div>\t\t<\/div>\n\t\t\t\t\t\t<\/div>\n\t\t\t\t<\/div>\n\t\t\t\t\t<\/div>\n\t\t<\/div>\n\t\t\t\t\t<\/div>\n\t\t<\/section>\n\t\t\t\t<\/div>\n\t\t","protected":false},"excerpt":{"rendered":"<p>https:\/\/youtu.be\/G4McDw_f4d8 Automatyka i Robotyka (AiR) jest bardzo dynamicznie rozwijaj\u0105cym si\u0119 kierunkiem studi\u00f3w w dziedzinie nauk in\u017cynieryjno-technicznych. \u00a0 Poziom automatyzacji i robotyzacji jest wska\u017anikiem rozwoju technologicznego ka\u017cdej gospodarki. Wraz z rozwojem nowoczesnego przemys\u0142u wzrasta zapotrzebowanie na kadr\u0119 in\u017cyniersk\u0105, dobrze wykszta\u0142con\u0105 w zakresie automatyki i robotyki. Podj\u0119cie studi\u00f3w na tym kierunku daje mo\u017cliwo\u015b\u0107 zdobycia zar\u00f3wno wiedzy teoretycznej [&hellip;]<\/p>\n","protected":false},"author":4,"featured_media":0,"parent":0,"menu_order":0,"comment_status":"closed","ping_status":"closed","template":"","meta":{"footnotes":""},"class_list":["post-1749","page","type-page","status-publish","hentry"],"_links":{"self":[{"href":"https:\/\/air.pk.edu.pl\/index.php\/wp-json\/wp\/v2\/pages\/1749","targetHints":{"allow":["GET"]}}],"collection":[{"href":"https:\/\/air.pk.edu.pl\/index.php\/wp-json\/wp\/v2\/pages"}],"about":[{"href":"https:\/\/air.pk.edu.pl\/index.php\/wp-json\/wp\/v2\/types\/page"}],"author":[{"embeddable":true,"href":"https:\/\/air.pk.edu.pl\/index.php\/wp-json\/wp\/v2\/users\/4"}],"replies":[{"embeddable":true,"href":"https:\/\/air.pk.edu.pl\/index.php\/wp-json\/wp\/v2\/comments?post=1749"}],"version-history":[{"count":15,"href":"https:\/\/air.pk.edu.pl\/index.php\/wp-json\/wp\/v2\/pages\/1749\/revisions"}],"predecessor-version":[{"id":3899,"href":"https:\/\/air.pk.edu.pl\/index.php\/wp-json\/wp\/v2\/pages\/1749\/revisions\/3899"}],"wp:attachment":[{"href":"https:\/\/air.pk.edu.pl\/index.php\/wp-json\/wp\/v2\/media?parent=1749"}],"curies":[{"name":"wp","href":"https:\/\/api.w.org\/{rel}","templated":true}]}}