{"id":1758,"date":"2020-05-22T10:06:34","date_gmt":"2020-05-22T08:06:34","guid":{"rendered":"https:\/\/air.pk.edu.pl\/?page_id=1758"},"modified":"2026-04-13T07:56:28","modified_gmt":"2026-04-13T05:56:28","slug":"kola-naukowe","status":"publish","type":"page","link":"https:\/\/air.pk.edu.pl\/index.php\/studia-i-stopnia\/kola-naukowe\/","title":{"rendered":"Ko\u0142a naukowe"},"content":{"rendered":"\n<h3 class=\"wp-block-heading\"><strong>Ko\u0142o naukowe Automatyki i Robotyki \u2013 KAiR<\/strong><\/h3>\n\n\n\n<figure class=\"wp-block-gallery has-nested-images columns-5 is-cropped wp-block-gallery-1 is-layout-flex wp-block-gallery-is-layout-flex\">\n<figure class=\"wp-block-image size-large\"><img fetchpriority=\"high\" decoding=\"async\" width=\"687\" height=\"448\" data-id=\"1397\" src=\"https:\/\/air.pk.edu.pl\/wp-content\/uploads\/2019\/03\/spawanie.jpg\" alt=\"\" class=\"wp-image-1397\" srcset=\"https:\/\/air.pk.edu.pl\/wp-content\/uploads\/2019\/03\/spawanie.jpg 687w, https:\/\/air.pk.edu.pl\/wp-content\/uploads\/2019\/03\/spawanie-300x196.jpg 300w\" sizes=\"(max-width: 687px) 100vw, 687px\" \/><\/figure>\n\n\n\n<figure class=\"wp-block-image size-large\"><img decoding=\"async\" width=\"428\" height=\"422\" data-id=\"1393\" src=\"https:\/\/air.pk.edu.pl\/wp-content\/uploads\/2019\/03\/robot_balans.png\" alt=\"\" class=\"wp-image-1393\" srcset=\"https:\/\/air.pk.edu.pl\/wp-content\/uploads\/2019\/03\/robot_balans.png 428w, https:\/\/air.pk.edu.pl\/wp-content\/uploads\/2019\/03\/robot_balans-300x296.png 300w\" sizes=\"(max-width: 428px) 100vw, 428px\" \/><\/figure>\n\n\n\n<figure class=\"wp-block-image size-large\"><img decoding=\"async\" width=\"603\" height=\"693\" data-id=\"1392\" src=\"https:\/\/air.pk.edu.pl\/wp-content\/uploads\/2019\/03\/minirobot_2.jpg\" alt=\"\" class=\"wp-image-1392\" srcset=\"https:\/\/air.pk.edu.pl\/wp-content\/uploads\/2019\/03\/minirobot_2.jpg 603w, https:\/\/air.pk.edu.pl\/wp-content\/uploads\/2019\/03\/minirobot_2-261x300.jpg 261w\" sizes=\"(max-width: 603px) 100vw, 603px\" \/><\/figure>\n\n\n\n<figure class=\"wp-block-image size-large\"><img loading=\"lazy\" decoding=\"async\" width=\"859\" height=\"643\" data-id=\"1388\" src=\"https:\/\/air.pk.edu.pl\/wp-content\/uploads\/2019\/03\/kawasaki_1.png\" alt=\"\" class=\"wp-image-1388\" srcset=\"https:\/\/air.pk.edu.pl\/wp-content\/uploads\/2019\/03\/kawasaki_1.png 859w, https:\/\/air.pk.edu.pl\/wp-content\/uploads\/2019\/03\/kawasaki_1-300x225.png 300w, https:\/\/air.pk.edu.pl\/wp-content\/uploads\/2019\/03\/kawasaki_1-768x575.png 768w\" sizes=\"(max-width: 859px) 100vw, 859px\" \/><\/figure>\n\n\n\n<figure class=\"wp-block-image size-large\"><img loading=\"lazy\" decoding=\"async\" width=\"722\" height=\"581\" data-id=\"1382\" src=\"https:\/\/air.pk.edu.pl\/wp-content\/uploads\/2019\/03\/dwukolowy.jpg\" alt=\"\" class=\"wp-image-1382\" srcset=\"https:\/\/air.pk.edu.pl\/wp-content\/uploads\/2019\/03\/dwukolowy.jpg 722w, https:\/\/air.pk.edu.pl\/wp-content\/uploads\/2019\/03\/dwukolowy-300x241.jpg 300w\" sizes=\"(max-width: 722px) 100vw, 722px\" \/><\/figure>\n\n\n\n<figure class=\"wp-block-image size-large\"><img loading=\"lazy\" decoding=\"async\" width=\"751\" height=\"666\" data-id=\"1384\" src=\"https:\/\/air.pk.edu.pl\/wp-content\/uploads\/2019\/03\/frez_num.jpg\" alt=\"\" class=\"wp-image-1384\" srcset=\"https:\/\/air.pk.edu.pl\/wp-content\/uploads\/2019\/03\/frez_num.jpg 751w, https:\/\/air.pk.edu.pl\/wp-content\/uploads\/2019\/03\/frez_num-300x266.jpg 300w\" sizes=\"(max-width: 751px) 100vw, 751px\" \/><\/figure>\n\n\n\n<figure class=\"wp-block-image size-large\"><img loading=\"lazy\" decoding=\"async\" width=\"752\" height=\"665\" data-id=\"1395\" src=\"https:\/\/air.pk.edu.pl\/wp-content\/uploads\/2019\/03\/robot_kro_2.jpg\" alt=\"\" class=\"wp-image-1395\" srcset=\"https:\/\/air.pk.edu.pl\/wp-content\/uploads\/2019\/03\/robot_kro_2.jpg 752w, https:\/\/air.pk.edu.pl\/wp-content\/uploads\/2019\/03\/robot_kro_2-300x265.jpg 300w\" sizes=\"(max-width: 752px) 100vw, 752px\" \/><\/figure>\n\n\n\n<figure class=\"wp-block-image size-large\"><img loading=\"lazy\" decoding=\"async\" width=\"795\" height=\"629\" data-id=\"1377\" src=\"https:\/\/air.pk.edu.pl\/wp-content\/uploads\/2019\/03\/dlon_1.jpg\" alt=\"\" class=\"wp-image-1377\" srcset=\"https:\/\/air.pk.edu.pl\/wp-content\/uploads\/2019\/03\/dlon_1.jpg 795w, https:\/\/air.pk.edu.pl\/wp-content\/uploads\/2019\/03\/dlon_1-300x237.jpg 300w, https:\/\/air.pk.edu.pl\/wp-content\/uploads\/2019\/03\/dlon_1-768x608.jpg 768w\" sizes=\"(max-width: 795px) 100vw, 795px\" \/><\/figure>\n\n\n\n<figure class=\"wp-block-image size-large\"><img loading=\"lazy\" decoding=\"async\" width=\"432\" height=\"346\" data-id=\"1379\" src=\"https:\/\/air.pk.edu.pl\/wp-content\/uploads\/2019\/03\/dom.png\" alt=\"\" class=\"wp-image-1379\" srcset=\"https:\/\/air.pk.edu.pl\/wp-content\/uploads\/2019\/03\/dom.png 432w, https:\/\/air.pk.edu.pl\/wp-content\/uploads\/2019\/03\/dom-300x240.png 300w\" sizes=\"(max-width: 432px) 100vw, 432px\" \/><\/figure>\n<\/figure>\n\n\n\n<h4 class=\"wp-block-heading has-text-align-left\">Dzia\u0142alno\u015b\u0107 ko\u0142a dotyczy r\u00f3wnie\u017c organizacji warsztat\u00f3w, szkole\u0144 oraz dzia\u0142a\u0144 popularyzuj\u0105cych nauk\u0119.<\/h4>\n\n\n\n<h3 class=\"wp-block-heading has-text-align-left\"><strong>Ko\u0142o naukowe Automatyki i Robotyki \u2013 KAiR<\/strong><\/h3>\n\n\n\n<p>Opiekun:<br><strong>dr in\u017c. Krzysztof W\u00f3jcik, tel: 12 628 32 19, e-mail: krzysztof.wojcik@pk.edu.pl<\/strong><\/p>\n\n\n\n<p><br>Obszarem dzia\u0142alno\u015bci Ko\u0142a Naukowego Automatyki i Robotyki, KAiR jest prowadzenie prac badawczych, naukowych i projektowych zwi\u0105zanych z og\u00f3lnie rozumianymi dziedzinami automatyki, robotyki, elektroniki i informatyki.<br>W szczeg\u00f3lno\u015bci realizowane s\u0105 projekty robot\u00f3w mobilnych, system\u00f3w kontrolnych, pomiarowych oraz rozwi\u0105za\u0144 zwi\u0105zanych z automatyzacj\u0105 produkcji. Dzia\u0142alno\u015b\u0107 ko\u0142a dotyczy r\u00f3wnie\u017c organizacji warsztat\u00f3w, szkole\u0144 oraz dzia\u0142a\u0144 popularyzuj\u0105cych nauk\u0119.<\/p>\n\n\n\n<hr class=\"wp-block-separator has-alpha-channel-opacity\"\/>\n\n\n\n<h2 class=\"wp-block-heading\">AiR Sekcja: Informatyki, Robotyki i Sterowania (IRiS)<\/h2>\n\n\n\n<p>Nasza dzia\u0142alno\u015b\u0107:<br>szeroko poj\u0119ta robotyka, obr\u00f3bka addytywna i rozwi\u0105zania AI.<br>Nad czym pracujemy:<\/p>\n\n\n\n<ul class=\"wp-block-list\">\n<li>rami\u0119 robota wykonane w technologii druku 3D<\/li>\n\n\n\n<li>RoboPies \u2013 mobilny robot czworono\u017cny<\/li>\n\n\n\n<li>zdalna autonomiczna stacja obr\u00f3bki addytywnej<\/li>\n\n\n\n<li>manipulator jako cz\u0119\u015b\u0107 \u0142azika marsja\u0144skiego.<br>Nasze mocne strony:<br>wsp\u00f3\u0142praca z FutureLab (Konkurs na Projekty Studenckie) i firmami: Woodward,<br>Siemens, Dassault Syst\u00e8mes, Aisler, Plexim.<br>Dlaczego warto do nas do\u0142\u0105czy\u0107:<br>Wsparcie merytoryczne, wykorzystanie specjalistycznego sprz\u0119tu i oprogramowania,<br>mo\u017cliwo\u015b\u0107 uczestniczenia w wydarzeniach popularyzuj\u0105cych nauk\u0119, praca w zespole z<br>pasjonatami.<br>Opiekunowie:<br>mgr in\u017c. Piotr \u0141ubiarz, tel. 12 628 32 19, e-mail: piotr.lubiarz@pk.edu.pl<br>mgr in\u017c. Kamil Kaczmarz e-mail: kamil.kaczmarz@pk.edu.pl<\/li>\n<\/ul>\n\n\n\n<hr class=\"wp-block-separator has-alpha-channel-opacity\"\/>\n\n\n\n<h2 class=\"wp-block-heading\">AiR Sekcja: Roboty przemys\u0142owe i u\u017cytkowe<\/h2>\n\n\n\n<p><strong>Nasza dzia\u0142alno\u015b\u0107:<\/strong><br>zagadnienia projektowania i modelowania wirtualnych oraz rzeczywistych stanowisk z<br>robotami przemys\u0142owymi, sterowania i integracji element\u00f3w automatyki na tych<br>stanowiskach, programowania robot\u00f3w i element\u00f3w wsp\u00f3\u0142pracuj\u0105cych, wykorzystania<br>algorytm\u00f3w optymalizacyjnych oraz AI w projektowaniu i sterowaniu.<\/p>\n\n\n\n<p><strong>Nad czym pracujemy<\/strong>:<\/p>\n\n\n\n<ul class=\"wp-block-list\">\n<li>cyfrowe bli\u017aniaki stanowisk dydaktycznych,<\/li>\n\n\n\n<li>projekty chwytak\u00f3w,<\/li>\n\n\n\n<li>przygotowania do zawod\u00f3w robotycznych.<\/li>\n\n\n\n<li><\/li>\n\n\n\n<li>Nasze mocne strony:<br>I nagroda w konkursie \u201eM\u0142odzi naukowcy \u2013 wynalazcy 2023\u201d podczas Mi\u0119dzynarodowych<br>Targ\u00f3w Wynalazk\u00f3w i Innowacji INTARG 2023 w Katowicach, II miejsce w<br>Og\u00f3lnopolskich Profesjonalnych Mistrzostwach w Programowaniu Robot\u00f3w oraz<br>Tworzeniu Stanowisk Zrobotyzowanych RoboChallenge 2025.<br>Dlaczego warto do nas do\u0142\u0105czy\u0107:<br>Pracujemy z rzeczywistymi robotami przemys\u0142owymi Kawasaki, EPSON, FANUC oraz<br>aplikacjami do programowania robot\u00f3w, system\u00f3w bezpiecze\u0144stwa oraz system\u00f3w<br>wizyjnych.<br>Opiekun:<br>dr in\u017c. Stanis\u0142aw Krenich, tel.: 12 628 32 18, e-mail: stanislaw.krenich@pk.edu.pl<\/li>\n<\/ul>\n\n\n\n<hr class=\"wp-block-separator has-alpha-channel-opacity\"\/>\n\n\n\n<h2 class=\"wp-block-heading\">AiR Sekcja: Pojazdy podwodne<\/h2>\n\n\n\n<p>Nasza dzia\u0142alno\u015b\u0107:<br>projektowanie i budowa rozwi\u0105za\u0144 z obszaru podwodnej robotyki mobilnej.<br>Nad czym pracujemy:<\/p>\n\n\n\n<p class=\"has-text-align-left\">\u0142awica pojazd\u00f3w HUUV.<\/p>\n\n\n\n<p class=\"has-text-align-left\"><strong>Nasze mocne strony<\/strong>:<br>wieloletnia wsp\u00f3\u0142praca z FutureLab (kolejne projekty w ramach konkursu na Projekty<br>Studenckie).<\/p>\n\n\n\n<p class=\"has-text-align-left\"><strong>Dlaczego warto do nas do\u0142\u0105czy\u0107<\/strong>:<br>praktyka w robotyce podwodnej, mo\u017cliwo\u015b\u0107 testowania i opracowywania rozwi\u0105za\u0144 w<br>warunkach laboratoryjnych, prezentacja efekt\u00f3w prac na szerszym forum (udzia\u0142 w<br>wydarzeniach popularyzuj\u0105cych nauk\u0119, Targach, Konferencjach i innych).<br>Opiekun:<br>dr in\u017c. Tomasz Talarczyk, tel. 504 793 252, e-mail: tomasz.talarczyk@pk.edu.pl<\/p>\n","protected":false},"excerpt":{"rendered":"<p>Ko\u0142o naukowe Automatyki i Robotyki \u2013 KAiR Dzia\u0142alno\u015b\u0107 ko\u0142a dotyczy r\u00f3wnie\u017c organizacji warsztat\u00f3w, szkole\u0144 oraz dzia\u0142a\u0144 popularyzuj\u0105cych nauk\u0119. Ko\u0142o naukowe Automatyki i Robotyki \u2013 KAiR Opiekun:dr in\u017c. Krzysztof W\u00f3jcik, tel: 12 628 32 19, e-mail: krzysztof.wojcik@pk.edu.pl Obszarem dzia\u0142alno\u015bci Ko\u0142a Naukowego Automatyki i Robotyki, KAiR jest prowadzenie prac badawczych, naukowych i projektowych zwi\u0105zanych z og\u00f3lnie rozumianymi [&hellip;]<\/p>\n","protected":false},"author":4,"featured_media":0,"parent":1690,"menu_order":0,"comment_status":"closed","ping_status":"closed","template":"","meta":{"footnotes":""},"class_list":["post-1758","page","type-page","status-publish","hentry"],"_links":{"self":[{"href":"https:\/\/air.pk.edu.pl\/index.php\/wp-json\/wp\/v2\/pages\/1758","targetHints":{"allow":["GET"]}}],"collection":[{"href":"https:\/\/air.pk.edu.pl\/index.php\/wp-json\/wp\/v2\/pages"}],"about":[{"href":"https:\/\/air.pk.edu.pl\/index.php\/wp-json\/wp\/v2\/types\/page"}],"author":[{"embeddable":true,"href":"https:\/\/air.pk.edu.pl\/index.php\/wp-json\/wp\/v2\/users\/4"}],"replies":[{"embeddable":true,"href":"https:\/\/air.pk.edu.pl\/index.php\/wp-json\/wp\/v2\/comments?post=1758"}],"version-history":[{"count":4,"href":"https:\/\/air.pk.edu.pl\/index.php\/wp-json\/wp\/v2\/pages\/1758\/revisions"}],"predecessor-version":[{"id":3865,"href":"https:\/\/air.pk.edu.pl\/index.php\/wp-json\/wp\/v2\/pages\/1758\/revisions\/3865"}],"up":[{"embeddable":true,"href":"https:\/\/air.pk.edu.pl\/index.php\/wp-json\/wp\/v2\/pages\/1690"}],"wp:attachment":[{"href":"https:\/\/air.pk.edu.pl\/index.php\/wp-json\/wp\/v2\/media?parent=1758"}],"curies":[{"name":"wp","href":"https:\/\/api.w.org\/{rel}","templated":true}]}}